{"id":986,"date":"2024-11-02T15:37:30","date_gmt":"2024-11-02T14:37:30","guid":{"rendered":"http:\/\/192.168.80.11:8081\/?page_id=986"},"modified":"2024-11-17T00:03:59","modified_gmt":"2024-11-16T23:03:59","slug":"services","status":"publish","type":"page","link":"https:\/\/iberostages.com\/index.php\/services\/","title":{"rendered":"Services"},"content":{"rendered":"\n<div class=\"wp-block-cover alignfull\" style=\"margin-top:0;margin-bottom:0;padding-top:0;padding-bottom:0;min-height:450px;aspect-ratio:unset;\"><span aria-hidden=\"true\" class=\"wp-block-cover__background has-black-background-color has-background-dim-30 has-background-dim\"><\/span><img fetchpriority=\"high\" decoding=\"async\" width=\"2560\" height=\"1708\" class=\"wp-block-cover__image-background wp-image-1298\" alt=\"\" src=\"https:\/\/iberostages.com\/wp-content\/uploads\/2024\/11\/pexels-magic-k-24827758-6726422-scaled.jpg\" style=\"object-position:58% 45%\" data-object-fit=\"cover\" data-object-position=\"58% 45%\" srcset=\"https:\/\/iberostages.com\/wp-content\/uploads\/2024\/11\/pexels-magic-k-24827758-6726422-scaled.jpg 2560w, https:\/\/iberostages.com\/wp-content\/uploads\/2024\/11\/pexels-magic-k-24827758-6726422-300x200.jpg 300w, https:\/\/iberostages.com\/wp-content\/uploads\/2024\/11\/pexels-magic-k-24827758-6726422-1024x683.jpg 1024w, https:\/\/iberostages.com\/wp-content\/uploads\/2024\/11\/pexels-magic-k-24827758-6726422-768x512.jpg 768w, https:\/\/iberostages.com\/wp-content\/uploads\/2024\/11\/pexels-magic-k-24827758-6726422-1536x1025.jpg 1536w, https:\/\/iberostages.com\/wp-content\/uploads\/2024\/11\/pexels-magic-k-24827758-6726422-2048x1366.jpg 2048w\" sizes=\"(max-width: 2560px) 100vw, 2560px\" \/><div class=\"wp-block-cover__inner-container has-global-padding is-layout-constrained wp-container-core-cover-is-layout-1 wp-block-cover-is-layout-constrained\">\n<h1 class=\"wp-block-heading has-text-align-center has-text-color\" style=\"color:#ffffff;font-size:clamp(40.387px, 2.524rem + ((1vw - 3.2px) * 4.047), 76px);\">Nos Services<\/h1>\n<\/div><\/div>\n\n\n\n<div class=\"wp-block-columns alignwide is-layout-flex wp-container-core-columns-is-layout-1 wp-block-columns-is-layout-flex\" style=\"margin-top:100px;margin-bottom:70px\">\n<div class=\"wp-block-column is-layout-flow wp-block-column-is-layout-flow\" style=\"padding-top:0px;padding-right:0px;padding-bottom:0px;padding-left:0px\">\n<figure class=\"wp-block-image aligncenter size-full is-resized\"><img decoding=\"async\" width=\"1707\" height=\"2560\" src=\"https:\/\/iberostages.com\/wp-content\/uploads\/2024\/11\/pexels-fauxels-3228812-1-scaled.jpg\" alt=\"\" class=\"wp-image-1122\" style=\"aspect-ratio:1;object-fit:cover;width:370px\" srcset=\"https:\/\/iberostages.com\/wp-content\/uploads\/2024\/11\/pexels-fauxels-3228812-1-scaled.jpg 1707w, https:\/\/iberostages.com\/wp-content\/uploads\/2024\/11\/pexels-fauxels-3228812-1-200x300.jpg 200w, https:\/\/iberostages.com\/wp-content\/uploads\/2024\/11\/pexels-fauxels-3228812-1-683x1024.jpg 683w, https:\/\/iberostages.com\/wp-content\/uploads\/2024\/11\/pexels-fauxels-3228812-1-768x1152.jpg 768w, https:\/\/iberostages.com\/wp-content\/uploads\/2024\/11\/pexels-fauxels-3228812-1-1024x1536.jpg 1024w, https:\/\/iberostages.com\/wp-content\/uploads\/2024\/11\/pexels-fauxels-3228812-1-1365x2048.jpg 1365w\" sizes=\"(max-width: 1707px) 100vw, 1707px\" \/><\/figure>\n<\/div>\n\n\n\n<div class=\"wp-block-column is-vertically-aligned-center is-layout-flow wp-container-core-column-is-layout-2 wp-block-column-is-layout-flow\" style=\"flex-basis:56%\">\n<h4 class=\"wp-block-heading has-text-color has-inter-font-family\" style=\"color:#263763;font-size:clamp(21.027px, 1.314rem + ((1vw - 3.2px) * 1.474), 34px);font-style:normal;font-weight:400;letter-spacing:-1px\">Stage en Groupe<\/h4>\n\n\n\n<p class=\"has-text-color\" style=\"color:#263763;padding-right:120px;font-size:clamp(14px, 0.875rem + ((1vw - 3.2px) * 0.114), 15px);\">Vous \u00eates un coll\u00e8ge, un lyc\u00e9e ou une \u00e9cole sup\u00e9rieure et vous souhaitez emmener vos \u00e9l\u00e8ves en stage \u00e0 l\u2019\u00e9tranger.<\/p>\n\n\n\n<p class=\"has-text-color\" style=\"color:#839376;padding-right:120px;font-size:clamp(14px, 0.875rem + ((1vw - 3.2px) * 0.114), 15px);\"><\/p>\n\n\n\n<div class=\"wp-block-buttons is-layout-flex wp-block-buttons-is-layout-flex\">\n<div class=\"wp-block-button has-custom-font-size is-style-outline is-style-outline--1\" style=\"font-size:14px\"><a class=\"wp-block-button__link has-text-color has-background has-border-color wp-element-button\" href=\"https:\/\/iberostages.com\/index.php\/stage-en-groupe\/\" style=\"border-color:#263763;border-width:1px;color:#263763;background-color:#ffffff;padding-top:11px;padding-right:30px;padding-bottom:11px;padding-left:30px\">En savoir plus<\/a><\/div>\n<\/div>\n<\/div>\n<\/div>\n\n\n\n<div class=\"wp-block-columns alignwide is-layout-flex wp-container-core-columns-is-layout-2 wp-block-columns-is-layout-flex\" style=\"margin-top:0px;margin-bottom:70px\">\n<div class=\"wp-block-column is-layout-flow wp-block-column-is-layout-flow\" style=\"padding-top:0px;padding-right:0px;padding-bottom:0px;padding-left:0px\">\n<figure class=\"wp-block-image aligncenter size-full is-resized\"><img decoding=\"async\" width=\"1440\" height=\"2560\" src=\"https:\/\/iberostages.com\/wp-content\/uploads\/2024\/11\/pexels-freestockpro-25650294-1-scaled.jpg\" alt=\"\" class=\"wp-image-1045\" style=\"aspect-ratio:1;object-fit:cover;width:376px;height:auto\" srcset=\"https:\/\/iberostages.com\/wp-content\/uploads\/2024\/11\/pexels-freestockpro-25650294-1-scaled.jpg 1440w, https:\/\/iberostages.com\/wp-content\/uploads\/2024\/11\/pexels-freestockpro-25650294-1-169x300.jpg 169w, https:\/\/iberostages.com\/wp-content\/uploads\/2024\/11\/pexels-freestockpro-25650294-1-576x1024.jpg 576w, https:\/\/iberostages.com\/wp-content\/uploads\/2024\/11\/pexels-freestockpro-25650294-1-768x1365.jpg 768w, https:\/\/iberostages.com\/wp-content\/uploads\/2024\/11\/pexels-freestockpro-25650294-1-864x1536.jpg 864w, https:\/\/iberostages.com\/wp-content\/uploads\/2024\/11\/pexels-freestockpro-25650294-1-1152x2048.jpg 1152w\" sizes=\"(max-width: 1440px) 100vw, 1440px\" \/><\/figure>\n<\/div>\n\n\n\n<div class=\"wp-block-column is-vertically-aligned-center is-layout-flow wp-container-core-column-is-layout-4 wp-block-column-is-layout-flow\" style=\"flex-basis:56%\">\n<h4 class=\"wp-block-heading has-text-color has-inter-font-family\" style=\"color:#263763;font-size:clamp(21.027px, 1.314rem + ((1vw - 3.2px) * 1.474), 34px);font-style:normal;font-weight:400;letter-spacing:-1px\">Stage Individuel<\/h4>\n\n\n\n<p class=\"has-text-color\" style=\"color:#263763;padding-right:120px;font-size:clamp(14px, 0.875rem + ((1vw - 3.2px) * 0.114), 15px);\">Vous avez plus de 18 ans et vous souhaitez partir en stage \u00e0 l\u2019\u00e9tranger pour am\u00e9liorer vos langues et booster votre CV.<\/p>\n\n\n\n<p class=\"has-text-color\" style=\"color:#839376;padding-right:120px;font-size:clamp(14px, 0.875rem + ((1vw - 3.2px) * 0.114), 15px);\"><\/p>\n\n\n\n<div class=\"wp-block-buttons is-layout-flex wp-block-buttons-is-layout-flex\">\n<div class=\"wp-block-button has-custom-font-size is-style-outline is-style-outline--2\" style=\"font-size:14px\"><a class=\"wp-block-button__link has-text-color has-background has-border-color wp-element-button\" href=\"https:\/\/iberostages.com\/index.php\/stage-individuel\/\" style=\"border-color:#263763;border-width:1px;color:#263763;background-color:#ffffff;padding-top:11px;padding-right:30px;padding-bottom:11px;padding-left:30px\">En savoir plus<\/a><\/div>\n<\/div>\n<\/div>\n<\/div>\n\n\n\n<div class=\"wp-block-columns alignwide is-layout-flex wp-container-core-columns-is-layout-3 wp-block-columns-is-layout-flex\" style=\"margin-top:0px;margin-bottom:100px\">\n<div class=\"wp-block-column is-layout-flow wp-block-column-is-layout-flow\" style=\"padding-top:0px;padding-right:0px;padding-bottom:0px;padding-left:0px\">\n<figure class=\"wp-block-image aligncenter size-full is-resized\"><img loading=\"lazy\" decoding=\"async\" width=\"2560\" height=\"1707\" src=\"https:\/\/iberostages.com\/wp-content\/uploads\/2024\/11\/pexels-pixabay-271643-1-scaled.jpg\" alt=\"\" class=\"wp-image-1077\" style=\"aspect-ratio:1;object-fit:cover;width:379px;height:auto\" srcset=\"https:\/\/iberostages.com\/wp-content\/uploads\/2024\/11\/pexels-pixabay-271643-1-scaled.jpg 2560w, https:\/\/iberostages.com\/wp-content\/uploads\/2024\/11\/pexels-pixabay-271643-1-300x200.jpg 300w, https:\/\/iberostages.com\/wp-content\/uploads\/2024\/11\/pexels-pixabay-271643-1-1024x683.jpg 1024w, https:\/\/iberostages.com\/wp-content\/uploads\/2024\/11\/pexels-pixabay-271643-1-768x512.jpg 768w, https:\/\/iberostages.com\/wp-content\/uploads\/2024\/11\/pexels-pixabay-271643-1-1536x1024.jpg 1536w, https:\/\/iberostages.com\/wp-content\/uploads\/2024\/11\/pexels-pixabay-271643-1-2048x1365.jpg 2048w\" sizes=\"(max-width: 2560px) 100vw, 2560px\" \/><\/figure>\n<\/div>\n\n\n\n<div class=\"wp-block-column is-vertically-aligned-center is-layout-flow wp-container-core-column-is-layout-6 wp-block-column-is-layout-flow\" style=\"flex-basis:56%\">\n<h4 class=\"wp-block-heading has-text-color has-inter-font-family\" style=\"color:#263763;font-size:clamp(21.027px, 1.314rem + ((1vw - 3.2px) * 1.474), 34px);font-style:normal;font-weight:400;letter-spacing:-1px\">H\u00e9bergements <\/h4>\n\n\n\n<p class=\"has-text-color\" style=\"color:#263763;padding-right:120px;font-size:clamp(14px, 0.875rem + ((1vw - 3.2px) * 0.114), 15px);\">Choisissez votre h\u00e9bergement : famille d\u2019accueil, appartement partag\u00e9, r\u00e9sidence, auberge ou h\u00f4tel.<br><\/p>\n\n\n\n<p class=\"has-text-color\" style=\"color:#839376;padding-right:120px;font-size:clamp(14px, 0.875rem + ((1vw - 3.2px) * 0.114), 15px);\"><\/p>\n\n\n\n<div class=\"wp-block-buttons is-layout-flex wp-block-buttons-is-layout-flex\">\n<div class=\"wp-block-button has-custom-font-size is-style-outline is-style-outline--3\" style=\"font-size:14px\"><a class=\"wp-block-button__link has-text-color has-background has-border-color wp-element-button\" href=\"https:\/\/iberostages.com\/index.php\/hebergements\/\" style=\"border-color:#263763;border-width:1px;color:#263763;background-color:#ffffff;padding-top:11px;padding-right:30px;padding-bottom:11px;padding-left:30px\">En savoir plus<\/a><\/div>\n<\/div>\n<\/div>\n<\/div>\n\n\n\n<div class=\"wp-block-columns alignwide is-layout-flex wp-container-core-columns-is-layout-4 wp-block-columns-is-layout-flex\" style=\"margin-top:0px;margin-bottom:100px\">\n<div class=\"wp-block-column is-layout-flow wp-block-column-is-layout-flow\" style=\"padding-top:0px;padding-right:0px;padding-bottom:0px;padding-left:0px\">\n<figure class=\"wp-block-image aligncenter size-full is-resized\"><img loading=\"lazy\" decoding=\"async\" width=\"1707\" height=\"2560\" src=\"https:\/\/iberostages.com\/wp-content\/uploads\/2024\/11\/pexels-mart-production-8472788-scaled.jpg\" alt=\"\" class=\"wp-image-1145\" style=\"aspect-ratio:1;object-fit:cover;width:377px;height:auto\" srcset=\"https:\/\/iberostages.com\/wp-content\/uploads\/2024\/11\/pexels-mart-production-8472788-scaled.jpg 1707w, https:\/\/iberostages.com\/wp-content\/uploads\/2024\/11\/pexels-mart-production-8472788-200x300.jpg 200w, https:\/\/iberostages.com\/wp-content\/uploads\/2024\/11\/pexels-mart-production-8472788-683x1024.jpg 683w, https:\/\/iberostages.com\/wp-content\/uploads\/2024\/11\/pexels-mart-production-8472788-768x1152.jpg 768w, https:\/\/iberostages.com\/wp-content\/uploads\/2024\/11\/pexels-mart-production-8472788-1024x1536.jpg 1024w, https:\/\/iberostages.com\/wp-content\/uploads\/2024\/11\/pexels-mart-production-8472788-1365x2048.jpg 1365w\" sizes=\"(max-width: 1707px) 100vw, 1707px\" \/><\/figure>\n<\/div>\n\n\n\n<div class=\"wp-block-column is-vertically-aligned-center is-layout-flow wp-container-core-column-is-layout-8 wp-block-column-is-layout-flow\" style=\"flex-basis:56%\">\n<h4 class=\"wp-block-heading has-text-color has-inter-font-family\" style=\"color:#263763;font-size:clamp(21.027px, 1.314rem + ((1vw - 3.2px) * 1.474), 34px);font-style:normal;font-weight:400;letter-spacing:-1px\">Cours et Certifications<\/h4>\n\n\n\n<p class=\"has-text-color\" style=\"color:#263763;padding-right:120px;font-size:clamp(14px, 0.875rem + ((1vw - 3.2px) * 0.114), 15px);\">Vous souhaitez prendre des cours de langue et\/ou passer des certifications.<\/p>\n\n\n\n<p class=\"has-text-color\" style=\"color:#839376;padding-right:120px;font-size:clamp(14px, 0.875rem + ((1vw - 3.2px) * 0.114), 15px);\"><\/p>\n\n\n\n<div class=\"wp-block-buttons is-layout-flex wp-block-buttons-is-layout-flex\">\n<div class=\"wp-block-button has-custom-font-size is-style-outline is-style-outline--4\" style=\"font-size:14px\"><a class=\"wp-block-button__link has-text-color has-background has-border-color wp-element-button\" href=\"https:\/\/iberostages.com\/index.php\/cours-et-certifications\/\" style=\"border-color:#263763;border-width:1px;color:#263763;background-color:#ffffff;padding-top:11px;padding-right:30px;padding-bottom:11px;padding-left:30px\">En savoir plus<\/a><\/div>\n<\/div>\n<\/div>\n<\/div>\n\n\n\n<div class=\"wp-block-columns alignwide is-layout-flex wp-container-core-columns-is-layout-5 wp-block-columns-is-layout-flex\" style=\"margin-top:0px;margin-bottom:100px\">\n<div class=\"wp-block-column is-layout-flow wp-block-column-is-layout-flow\" style=\"padding-top:0px;padding-right:0px;padding-bottom:0px;padding-left:0px\">\n<figure class=\"wp-block-image aligncenter size-full is-resized\"><img loading=\"lazy\" decoding=\"async\" width=\"2560\" height=\"1707\" src=\"https:\/\/iberostages.com\/wp-content\/uploads\/2024\/11\/pexels-olly-3760072-scaled.jpg\" alt=\"\" class=\"wp-image-1080\" style=\"aspect-ratio:1;object-fit:cover;width:391px;height:auto\" srcset=\"https:\/\/iberostages.com\/wp-content\/uploads\/2024\/11\/pexels-olly-3760072-scaled.jpg 2560w, https:\/\/iberostages.com\/wp-content\/uploads\/2024\/11\/pexels-olly-3760072-300x200.jpg 300w, https:\/\/iberostages.com\/wp-content\/uploads\/2024\/11\/pexels-olly-3760072-1024x683.jpg 1024w, https:\/\/iberostages.com\/wp-content\/uploads\/2024\/11\/pexels-olly-3760072-768x512.jpg 768w, https:\/\/iberostages.com\/wp-content\/uploads\/2024\/11\/pexels-olly-3760072-1536x1024.jpg 1536w, https:\/\/iberostages.com\/wp-content\/uploads\/2024\/11\/pexels-olly-3760072-2048x1365.jpg 2048w\" sizes=\"(max-width: 2560px) 100vw, 2560px\" \/><\/figure>\n<\/div>\n\n\n\n<div class=\"wp-block-column is-vertically-aligned-center is-layout-flow wp-container-core-column-is-layout-10 wp-block-column-is-layout-flow\" style=\"flex-basis:56%\">\n<h4 class=\"wp-block-heading has-text-color has-inter-font-family\" style=\"color:#263763;font-size:clamp(21.027px, 1.314rem + ((1vw - 3.2px) * 1.474), 34px);font-style:normal;font-weight:400;letter-spacing:-1px\">Autres Services<\/h4>\n\n\n\n<p class=\"has-text-color\" style=\"color:#263763;padding-right:120px;font-size:clamp(14px, 0.875rem + ((1vw - 3.2px) * 0.114), 15px);\">Profitez de nos services : transfert a\u00e9roport, r\u00e9servation de logement, assistance 24h\/7j, interlocuteurs bilingues et traduction de votre CV.<\/p>\n\n\n\n<p class=\"has-text-color\" style=\"color:#839376;padding-right:120px;font-size:clamp(14px, 0.875rem + ((1vw - 3.2px) * 0.114), 15px);\"><\/p>\n\n\n\n<div class=\"wp-block-buttons is-layout-flex wp-block-buttons-is-layout-flex\">\n<div class=\"wp-block-button has-custom-font-size is-style-outline is-style-outline--5\" style=\"font-size:14px\"><a class=\"wp-block-button__link has-text-color has-background has-border-color wp-element-button\" href=\"https:\/\/iberostages.com\/index.php\/autres-services\/\" style=\"border-color:#263763;border-width:1px;color:#263763;background-color:#ffffff;padding-top:11px;padding-right:30px;padding-bottom:11px;padding-left:30px\">En savoir plus<\/a><\/div>\n<\/div>\n<\/div>\n<\/div>\n\n\n\n<div class=\"wp-block-cover alignfull is-light\" style=\"margin-top:0;margin-bottom:0;padding-top:60px;padding-bottom:70px\"><span aria-hidden=\"true\" class=\"wp-block-cover__background has-background-dim-100 has-background-dim\" style=\"background-color:#f6f8f5\"><\/span><div class=\"wp-block-cover__inner-container has-global-padding is-layout-constrained wp-container-core-cover-is-layout-2 wp-block-cover-is-layout-constrained\">\n<div class=\"wp-block-columns is-layout-flex wp-container-core-columns-is-layout-7 wp-block-columns-is-layout-flex\" style=\"margin-top:0px;margin-bottom:0px;padding-top:0px;padding-right:0px;padding-bottom:0px;padding-left:0px\">\n<div class=\"wp-block-column is-layout-flow wp-block-column-is-layout-flow\">\n<h4 class=\"wp-block-heading has-text-color has-inter-font-family\" style=\"color:#263763;padding-bottom:40px;font-size:clamp(24.034px, 1.502rem + ((1vw - 3.2px) * 1.814), 40px);font-style:normal;font-weight:400;letter-spacing:-1px\">Pourquoi IBERO Stages?<\/h4>\n\n\n\n<p class=\"has-text-color\" style=\"color:#263763;padding-bottom:30px;font-size:clamp(14px, 0.875rem + ((1vw - 3.2px) * 0.455), 18px);line-height:1.7\">Avec plus de 12 ans d\u2019exp\u00e9rience dans la gestion de stages \u00e0 l\u2019\u00e9tranger, IBERO Stages se distingue par la qualit\u00e9 et le s\u00e9rieux de ses services. Notre \u00e9quipe, form\u00e9e et parfaitement bilingue, accompagne chaque \u00e9tudiant avec un suivi personnalis\u00e9. Gr\u00e2ce \u00e0 notre large r\u00e9seau d\u2019entreprises partenaires, nous offrons des opportunit\u00e9s de stage vari\u00e9es et enrichissantes, adapt\u00e9es aux besoins et aux objectifs de chaque candidat.<\/p>\n\n\n\n<p class=\"has-text-color\" style=\"color:#263763;font-size:clamp(14px, 0.875rem + ((1vw - 3.2px) * 0.455), 18px);line-height:1.7\">En nous choisissant, vous b\u00e9n\u00e9ficiez d\u2019une expertise solide, d\u2019un accompagnement constant et de solutions sur mesure pour garantir une exp\u00e9rience internationale r\u00e9ussie.<\/p>\n<\/div>\n\n\n\n<div class=\"wp-block-column is-vertically-aligned-bottom is-layout-flow wp-block-column-is-layout-flow\" style=\"flex-basis:40%\">\n<div class=\"wp-block-columns is-layout-flex wp-container-core-columns-is-layout-6 wp-block-columns-is-layout-flex\">\n<div class=\"wp-block-column is-layout-flow wp-block-column-is-layout-flow\">\n<div class=\"wp-block-group is-vertical is-content-justification-center is-layout-flex wp-container-core-group-is-layout-1 wp-block-group-is-layout-flex\" style=\"margin-bottom:60px\">\n<figure class=\"wp-block-image size-full is-resized\"><img loading=\"lazy\" decoding=\"async\" width=\"2160\" height=\"2160\" src=\"https:\/\/iberostages.com\/wp-content\/uploads\/2024\/11\/Mediamodifier-Design-Template-3.png\" alt=\"\" class=\"wp-image-1363\" style=\"width:97px;height:auto\" srcset=\"https:\/\/iberostages.com\/wp-content\/uploads\/2024\/11\/Mediamodifier-Design-Template-3.png 2160w, https:\/\/iberostages.com\/wp-content\/uploads\/2024\/11\/Mediamodifier-Design-Template-3-300x300.png 300w, https:\/\/iberostages.com\/wp-content\/uploads\/2024\/11\/Mediamodifier-Design-Template-3-1024x1024.png 1024w, https:\/\/iberostages.com\/wp-content\/uploads\/2024\/11\/Mediamodifier-Design-Template-3-150x150.png 150w, https:\/\/iberostages.com\/wp-content\/uploads\/2024\/11\/Mediamodifier-Design-Template-3-768x768.png 768w, https:\/\/iberostages.com\/wp-content\/uploads\/2024\/11\/Mediamodifier-Design-Template-3-1536x1536.png 1536w, https:\/\/iberostages.com\/wp-content\/uploads\/2024\/11\/Mediamodifier-Design-Template-3-2048x2048.png 2048w\" sizes=\"(max-width: 2160px) 100vw, 2160px\" \/><\/figure>\n\n\n\n<p class=\"has-text-color\" style=\"color:#263763;font-size:13px;font-style:normal;font-weight:400\">12 ans d&rsquo;exp\u00e9rience<\/p>\n<\/div>\n\n\n\n<div class=\"wp-block-group is-vertical is-content-justification-center is-layout-flex wp-container-core-group-is-layout-2 wp-block-group-is-layout-flex\" style=\"margin-bottom:60px\">\n<figure class=\"wp-block-image size-full is-resized\"><img loading=\"lazy\" decoding=\"async\" width=\"2160\" height=\"2160\" src=\"https:\/\/iberostages.com\/wp-content\/uploads\/2024\/11\/Mediamodifier-Design-Template-4.png\" alt=\"\" class=\"wp-image-1364\" style=\"object-fit:cover;width:97px;height:undefinedpx\" srcset=\"https:\/\/iberostages.com\/wp-content\/uploads\/2024\/11\/Mediamodifier-Design-Template-4.png 2160w, https:\/\/iberostages.com\/wp-content\/uploads\/2024\/11\/Mediamodifier-Design-Template-4-300x300.png 300w, https:\/\/iberostages.com\/wp-content\/uploads\/2024\/11\/Mediamodifier-Design-Template-4-1024x1024.png 1024w, https:\/\/iberostages.com\/wp-content\/uploads\/2024\/11\/Mediamodifier-Design-Template-4-150x150.png 150w, https:\/\/iberostages.com\/wp-content\/uploads\/2024\/11\/Mediamodifier-Design-Template-4-768x768.png 768w, https:\/\/iberostages.com\/wp-content\/uploads\/2024\/11\/Mediamodifier-Design-Template-4-1536x1536.png 1536w, https:\/\/iberostages.com\/wp-content\/uploads\/2024\/11\/Mediamodifier-Design-Template-4-2048x2048.png 2048w\" sizes=\"(max-width: 2160px) 100vw, 2160px\" \/><\/figure>\n\n\n\n<p class=\"has-text-color\" style=\"color:#263763;font-size:13px;font-style:normal;font-weight:400\">D\u00e9marches Simplifi\u00e9es<\/p>\n<\/div>\n<\/div>\n\n\n\n<div class=\"wp-block-column is-layout-flow wp-block-column-is-layout-flow\">\n<div class=\"wp-block-group is-vertical is-content-justification-center is-layout-flex wp-container-core-group-is-layout-3 wp-block-group-is-layout-flex\" style=\"margin-bottom:60px\">\n<figure class=\"wp-block-image size-full is-resized\"><img loading=\"lazy\" decoding=\"async\" width=\"2160\" height=\"2160\" src=\"https:\/\/iberostages.com\/wp-content\/uploads\/2024\/11\/Mediamodifier-Design-Template-2.png\" alt=\"\" class=\"wp-image-1362\" style=\"object-fit:cover;width:97px;height:undefinedpx\" srcset=\"https:\/\/iberostages.com\/wp-content\/uploads\/2024\/11\/Mediamodifier-Design-Template-2.png 2160w, https:\/\/iberostages.com\/wp-content\/uploads\/2024\/11\/Mediamodifier-Design-Template-2-300x300.png 300w, https:\/\/iberostages.com\/wp-content\/uploads\/2024\/11\/Mediamodifier-Design-Template-2-1024x1024.png 1024w, https:\/\/iberostages.com\/wp-content\/uploads\/2024\/11\/Mediamodifier-Design-Template-2-150x150.png 150w, https:\/\/iberostages.com\/wp-content\/uploads\/2024\/11\/Mediamodifier-Design-Template-2-768x768.png 768w, https:\/\/iberostages.com\/wp-content\/uploads\/2024\/11\/Mediamodifier-Design-Template-2-1536x1536.png 1536w, https:\/\/iberostages.com\/wp-content\/uploads\/2024\/11\/Mediamodifier-Design-Template-2-2048x2048.png 2048w\" sizes=\"(max-width: 2160px) 100vw, 2160px\" \/><\/figure>\n\n\n\n<p class=\"has-text-color\" style=\"color:#263763;font-size:13px;font-style:normal;font-weight:400\">Excellence<\/p>\n<\/div>\n\n\n\n<div class=\"wp-block-group is-vertical is-content-justification-center is-layout-flex wp-container-core-group-is-layout-4 wp-block-group-is-layout-flex\">\n<figure class=\"wp-block-image size-full is-resized\"><img loading=\"lazy\" decoding=\"async\" width=\"2160\" height=\"2160\" src=\"https:\/\/iberostages.com\/wp-content\/uploads\/2024\/11\/Mediamodifier-Design-Template.png\" alt=\"\" class=\"wp-image-1360\" style=\"object-fit:cover;width:97px;height:undefinedpx\" srcset=\"https:\/\/iberostages.com\/wp-content\/uploads\/2024\/11\/Mediamodifier-Design-Template.png 2160w, https:\/\/iberostages.com\/wp-content\/uploads\/2024\/11\/Mediamodifier-Design-Template-300x300.png 300w, https:\/\/iberostages.com\/wp-content\/uploads\/2024\/11\/Mediamodifier-Design-Template-1024x1024.png 1024w, https:\/\/iberostages.com\/wp-content\/uploads\/2024\/11\/Mediamodifier-Design-Template-150x150.png 150w, https:\/\/iberostages.com\/wp-content\/uploads\/2024\/11\/Mediamodifier-Design-Template-768x768.png 768w, https:\/\/iberostages.com\/wp-content\/uploads\/2024\/11\/Mediamodifier-Design-Template-1536x1536.png 1536w, https:\/\/iberostages.com\/wp-content\/uploads\/2024\/11\/Mediamodifier-Design-Template-2048x2048.png 2048w\" sizes=\"(max-width: 2160px) 100vw, 2160px\" \/><\/figure>\n\n\n\n<p class=\"has-text-color has-dm-sans-font-family\" style=\"color:#263763;font-size:13px;font-style:normal;font-weight:400\">Accompagnement Personnalis\u00e9<\/p>\n<\/div>\n<\/div>\n<\/div>\n<\/div>\n<\/div>\n<\/div><\/div>\n\n\n\n<p><\/p>\n","protected":false},"excerpt":{"rendered":"<p>Stage en Groupe Vous \u00eates un coll\u00e8ge, un lyc\u00e9e ou une \u00e9cole sup\u00e9rieure et vous souhaitez emmener vos \u00e9l\u00e8ves en stage \u00e0 l\u2019\u00e9tranger. Stage Individuel Vous avez plus de 18 ans et vous souhaitez partir en stage \u00e0 l\u2019\u00e9tranger pour am\u00e9liorer vos langues et booster votre CV. H\u00e9bergements Choisissez votre h\u00e9bergement : famille d\u2019accueil, appartement [&hellip;]<\/p>\n","protected":false},"author":3,"featured_media":0,"parent":0,"menu_order":0,"comment_status":"closed","ping_status":"closed","template":"","meta":{"footnotes":""},"class_list":["post-986","page","type-page","status-publish","hentry"],"_links":{"self":[{"href":"https:\/\/iberostages.com\/index.php\/wp-json\/wp\/v2\/pages\/986","targetHints":{"allow":["GET"]}}],"collection":[{"href":"https:\/\/iberostages.com\/index.php\/wp-json\/wp\/v2\/pages"}],"about":[{"href":"https:\/\/iberostages.com\/index.php\/wp-json\/wp\/v2\/types\/page"}],"author":[{"embeddable":true,"href":"https:\/\/iberostages.com\/index.php\/wp-json\/wp\/v2\/users\/3"}],"replies":[{"embeddable":true,"href":"https:\/\/iberostages.com\/index.php\/wp-json\/wp\/v2\/comments?post=986"}],"version-history":[{"count":22,"href":"https:\/\/iberostages.com\/index.php\/wp-json\/wp\/v2\/pages\/986\/revisions"}],"predecessor-version":[{"id":1366,"href":"https:\/\/iberostages.com\/index.php\/wp-json\/wp\/v2\/pages\/986\/revisions\/1366"}],"wp:attachment":[{"href":"https:\/\/iberostages.com\/index.php\/wp-json\/wp\/v2\/media?parent=986"}],"curies":[{"name":"wp","href":"https:\/\/api.w.org\/{rel}","templated":true}]}}