{"id":984,"date":"2024-11-02T15:35:43","date_gmt":"2024-11-02T14:35:43","guid":{"rendered":"http:\/\/192.168.80.11:8081\/?page_id=984"},"modified":"2024-11-22T11:00:20","modified_gmt":"2024-11-22T10:00:20","slug":"a-propos","status":"publish","type":"page","link":"https:\/\/iberostages.com\/index.php\/a-propos\/","title":{"rendered":"\u00c0 Propos"},"content":{"rendered":"\n<div class=\"wp-block-cover alignfull\" style=\"margin-top:0;margin-bottom:0;padding-top:0;padding-bottom:0;min-height:450px;aspect-ratio:unset;\"><span aria-hidden=\"true\" class=\"wp-block-cover__background has-black-background-color has-background-dim-30 has-background-dim\"><\/span><img fetchpriority=\"high\" decoding=\"async\" width=\"2560\" height=\"1707\" class=\"wp-block-cover__image-background wp-image-1036\" alt=\"\" src=\"https:\/\/iberostages.com\/wp-content\/uploads\/2024\/11\/pexels-jibarofoto-1606624-scaled.jpg\" style=\"object-position:63% 70%\" data-object-fit=\"cover\" data-object-position=\"63% 70%\" srcset=\"https:\/\/iberostages.com\/wp-content\/uploads\/2024\/11\/pexels-jibarofoto-1606624-scaled.jpg 2560w, https:\/\/iberostages.com\/wp-content\/uploads\/2024\/11\/pexels-jibarofoto-1606624-300x200.jpg 300w, https:\/\/iberostages.com\/wp-content\/uploads\/2024\/11\/pexels-jibarofoto-1606624-1024x683.jpg 1024w, https:\/\/iberostages.com\/wp-content\/uploads\/2024\/11\/pexels-jibarofoto-1606624-768x512.jpg 768w, https:\/\/iberostages.com\/wp-content\/uploads\/2024\/11\/pexels-jibarofoto-1606624-1536x1024.jpg 1536w, https:\/\/iberostages.com\/wp-content\/uploads\/2024\/11\/pexels-jibarofoto-1606624-2048x1365.jpg 2048w\" sizes=\"(max-width: 2560px) 100vw, 2560px\" \/><div class=\"wp-block-cover__inner-container has-global-padding is-layout-constrained wp-container-core-cover-is-layout-1 wp-block-cover-is-layout-constrained\">\n<h1 class=\"wp-block-heading has-text-align-center has-text-color\" style=\"color:#ffffff;font-size:clamp(40.387px, 2.524rem + ((1vw - 3.2px) * 4.047), 76px);font-style:normal;font-weight:400\">\u00c0 Propos<\/h1>\n<\/div><\/div>\n\n\n\n<div class=\"wp-block-group alignfull has-global-padding is-layout-constrained wp-container-core-group-is-layout-1 wp-block-group-is-layout-constrained\">\n<div class=\"wp-block-columns alignwide is-layout-flex wp-container-core-columns-is-layout-2 wp-block-columns-is-layout-flex\">\n<div class=\"wp-block-column is-layout-flow wp-block-column-is-layout-flow\">\n<p class=\"has-text-align-center has-text-color has-inter-font-family\" style=\"color:#263763;margin-top:70px;margin-right:0;margin-bottom:70px;margin-left:0;padding-right:10%;padding-left:10%;font-size:clamp(22.041px, 1.378rem + ((1vw - 3.2px) * 1.586), 36px);font-style:normal;font-weight:400;line-height:1.2\">Nous sommes une \u00e9quipe de professionnels qualifi\u00e9s, impliqu\u00e9s dans chaque projet pour garantir \u00e0 nos clients la meilleure exp\u00e9rience internationale.<\/p>\n\n\n\n<figure class=\"wp-block-image aligncenter size-full is-resized\"><img decoding=\"async\" width=\"2560\" height=\"1707\" src=\"https:\/\/iberostages.com\/wp-content\/uploads\/2024\/11\/pexels-andie-venzl-1263206-2418958-scaled.jpg\" alt=\"\" class=\"wp-image-1037\" style=\"aspect-ratio:16\/9;object-fit:cover;width:1068px\" srcset=\"https:\/\/iberostages.com\/wp-content\/uploads\/2024\/11\/pexels-andie-venzl-1263206-2418958-scaled.jpg 2560w, https:\/\/iberostages.com\/wp-content\/uploads\/2024\/11\/pexels-andie-venzl-1263206-2418958-300x200.jpg 300w, https:\/\/iberostages.com\/wp-content\/uploads\/2024\/11\/pexels-andie-venzl-1263206-2418958-1024x683.jpg 1024w, https:\/\/iberostages.com\/wp-content\/uploads\/2024\/11\/pexels-andie-venzl-1263206-2418958-768x512.jpg 768w, https:\/\/iberostages.com\/wp-content\/uploads\/2024\/11\/pexels-andie-venzl-1263206-2418958-1536x1024.jpg 1536w, https:\/\/iberostages.com\/wp-content\/uploads\/2024\/11\/pexels-andie-venzl-1263206-2418958-2048x1365.jpg 2048w\" sizes=\"(max-width: 2560px) 100vw, 2560px\" \/><\/figure>\n\n\n\n<div class=\"wp-block-columns is-layout-flex wp-container-core-columns-is-layout-1 wp-block-columns-is-layout-flex\" style=\"margin-top:50px;margin-bottom:70px\">\n<div class=\"wp-block-column is-layout-flow wp-block-column-is-layout-flow\" style=\"padding-right:20px;padding-left:20px\">\n<h3 class=\"wp-block-heading has-text-align-center has-text-color\" style=\"color:#263763;font-size:clamp(14.082px, 0.88rem + ((1vw - 3.2px) * 0.786), 21px);font-style:normal;font-weight:400\">Notre Mission<\/h3>\n\n\n\n<p class=\"has-text-align-center has-text-color\" style=\"color:#263763;font-size:clamp(14px, 0.875rem + ((1vw - 3.2px) * 0.114), 15px);\">Nous nous engageons \u00e0 offrir une exp\u00e9rience internationale de qualit\u00e9, enti\u00e8rement sur mesure et sans souci pour nos clients. Notre objectif est de rendre chaque \u00e9tape fluide et enrichissante, afin que vous puissiez vous concentrer pleinement sur vos objectifs professionnels.<\/p>\n<\/div>\n\n\n\n<div class=\"wp-block-column is-layout-flow wp-block-column-is-layout-flow\" style=\"padding-right:20px;padding-left:20px\">\n<h3 class=\"wp-block-heading has-text-align-center has-text-color\" style=\"color:#263763;font-size:clamp(14.082px, 0.88rem + ((1vw - 3.2px) * 0.786), 21px);font-style:normal;font-weight:400\">Nos Valeurs<\/h3>\n\n\n\n<p class=\"has-text-align-center has-text-color\" style=\"color:#263763;font-size:clamp(14px, 0.875rem + ((1vw - 3.2px) * 0.114), 15px);\">Chez IBERO Stages, l\u2019int\u00e9grit\u00e9 est au c\u0153ur de notre philosophie. Chaque interaction repose sur la transparence et la sinc\u00e9rit\u00e9, afin de b\u00e2tir d\u00e8s le d\u00e9part une relation de confiance solide avec nos clients. Nous nous engageons chaque jour \u00e0 respecter cet engagement fondamental.<\/p>\n<\/div>\n<\/div>\n<\/div>\n<\/div>\n<\/div>\n\n\n\n<div class=\"wp-block-cover alignfull is-light\" style=\"margin-top:0;margin-bottom:0;padding-top:60px;padding-bottom:70px\"><span aria-hidden=\"true\" class=\"wp-block-cover__background has-background-dim-100 has-background-dim\" style=\"background-color:#f6f8f5\"><\/span><div class=\"wp-block-cover__inner-container has-global-padding is-layout-constrained wp-container-core-cover-is-layout-2 wp-block-cover-is-layout-constrained\">\n<div class=\"wp-block-columns is-layout-flex wp-container-core-columns-is-layout-3 wp-block-columns-is-layout-flex\" style=\"margin-top:0px;margin-bottom:0px;padding-top:0px;padding-right:0px;padding-bottom:0px;padding-left:0px\">\n<div class=\"wp-block-column is-layout-flow wp-block-column-is-layout-flow\">\n<h4 class=\"wp-block-heading has-text-align-center has-text-color has-inter-font-family\" style=\"color:#263763;padding-bottom:40px;font-size:clamp(24.034px, 1.502rem + ((1vw - 3.2px) * 1.814), 40px);font-style:normal;font-weight:400;letter-spacing:-1px\">Notre Savoir-Faire<\/h4>\n<\/div>\n<\/div>\n\n\n\n<p class=\"has-text-align-center has-text-color has-link-color wp-elements-62b13d61312fbbe3622996a8ccfe3620\" style=\"color:#263763\">Notre \u00e9quipe bilingue, ayant v\u00e9cu ou vivant actuellement en Espagne, poss\u00e8de une connaissance approfondie du march\u00e9 local et s&rsquo;engage \u00e0 vous offrir un accompagnement personnalis\u00e9 pour garantir une exp\u00e9rience de stage enrichissante et adapt\u00e9e \u00e0 vos besoins.<\/p>\n<\/div><\/div>\n","protected":false},"excerpt":{"rendered":"<p>Nous sommes une \u00e9quipe de professionnels qualifi\u00e9s, impliqu\u00e9s dans chaque projet pour garantir \u00e0 nos clients la meilleure exp\u00e9rience internationale. Notre Mission Nous nous engageons \u00e0 offrir une exp\u00e9rience internationale de qualit\u00e9, enti\u00e8rement sur mesure et sans souci pour nos clients. Notre objectif est de rendre chaque \u00e9tape fluide et enrichissante, afin que vous puissiez [&hellip;]<\/p>\n","protected":false},"author":3,"featured_media":0,"parent":0,"menu_order":0,"comment_status":"closed","ping_status":"closed","template":"","meta":{"footnotes":""},"class_list":["post-984","page","type-page","status-publish","hentry"],"_links":{"self":[{"href":"https:\/\/iberostages.com\/index.php\/wp-json\/wp\/v2\/pages\/984","targetHints":{"allow":["GET"]}}],"collection":[{"href":"https:\/\/iberostages.com\/index.php\/wp-json\/wp\/v2\/pages"}],"about":[{"href":"https:\/\/iberostages.com\/index.php\/wp-json\/wp\/v2\/types\/page"}],"author":[{"embeddable":true,"href":"https:\/\/iberostages.com\/index.php\/wp-json\/wp\/v2\/users\/3"}],"replies":[{"embeddable":true,"href":"https:\/\/iberostages.com\/index.php\/wp-json\/wp\/v2\/comments?post=984"}],"version-history":[{"count":9,"href":"https:\/\/iberostages.com\/index.php\/wp-json\/wp\/v2\/pages\/984\/revisions"}],"predecessor-version":[{"id":1383,"href":"https:\/\/iberostages.com\/index.php\/wp-json\/wp\/v2\/pages\/984\/revisions\/1383"}],"wp:attachment":[{"href":"https:\/\/iberostages.com\/index.php\/wp-json\/wp\/v2\/media?parent=984"}],"curies":[{"name":"wp","href":"https:\/\/api.w.org\/{rel}","templated":true}]}}