{"id":980,"date":"2024-11-02T15:29:14","date_gmt":"2024-11-02T14:29:14","guid":{"rendered":"http:\/\/192.168.80.11:8081\/?page_id=980"},"modified":"2025-01-06T16:25:31","modified_gmt":"2025-01-06T15:25:31","slug":"home","status":"publish","type":"page","link":"https:\/\/iberostages.com\/","title":{"rendered":"Accueil"},"content":{"rendered":"\n<div class=\"wp-block-cover alignfull\" style=\"min-height:449px;aspect-ratio:unset;\"><span aria-hidden=\"true\" class=\"wp-block-cover__background has-black-background-color has-background-dim-40 has-background-dim\"><\/span><img fetchpriority=\"high\" decoding=\"async\" width=\"2560\" height=\"1707\" class=\"wp-block-cover__image-background wp-image-1030\" alt=\"\" src=\"https:\/\/iberostages.com\/wp-content\/uploads\/2024\/11\/pexels-andrea-imre-151632551-10550205-scaled.jpg\" data-object-fit=\"cover\" srcset=\"https:\/\/iberostages.com\/wp-content\/uploads\/2024\/11\/pexels-andrea-imre-151632551-10550205-scaled.jpg 2560w, https:\/\/iberostages.com\/wp-content\/uploads\/2024\/11\/pexels-andrea-imre-151632551-10550205-300x200.jpg 300w, https:\/\/iberostages.com\/wp-content\/uploads\/2024\/11\/pexels-andrea-imre-151632551-10550205-1024x683.jpg 1024w, https:\/\/iberostages.com\/wp-content\/uploads\/2024\/11\/pexels-andrea-imre-151632551-10550205-768x512.jpg 768w, https:\/\/iberostages.com\/wp-content\/uploads\/2024\/11\/pexels-andrea-imre-151632551-10550205-1536x1024.jpg 1536w, https:\/\/iberostages.com\/wp-content\/uploads\/2024\/11\/pexels-andrea-imre-151632551-10550205-2048x1365.jpg 2048w\" sizes=\"(max-width: 2560px) 100vw, 2560px\" \/><div class=\"wp-block-cover__inner-container has-global-padding is-layout-constrained wp-block-cover-is-layout-constrained\">\n<div style=\"height:70px\" aria-hidden=\"true\" class=\"wp-block-spacer\"><\/div>\n\n\n\n<h2 class=\"wp-block-heading has-text-align-center has-text-color\" style=\"color:#ffffff;margin-bottom:0;font-size:clamp(24.034px, 1.502rem + ((1vw - 3.2px) * 1.814), 40px);font-style:normal;font-weight:400;line-height:1\">Erasmus+<\/h2>\n\n\n\n<h1 class=\"wp-block-heading alignwide has-text-align-center has-text-color\" style=\"color:#ffffff;margin-top:0px;margin-bottom:32px;font-size:clamp(56.713px, 3.545rem + ((1vw - 3.2px) * 6.851), 117px);font-style:normal;font-weight:400;line-height:0.8\">IBERO Stages<\/h1>\n\n\n\n<p class=\"has-text-align-center has-text-color\" style=\"color:#ffffff;margin-bottom:2rem;font-size:clamp(14px, 0.875rem + ((1vw - 3.2px) * 0.227), 16px);\">Stage, soleil et immersion culturelle : vivez l&rsquo;exp\u00e9rience Canaries!<\/p>\n<\/div><\/div>\n\n\n\n<section class=\"wp-block-group alignfull has-text-color has-background has-global-padding is-layout-constrained wp-container-core-group-is-layout-2 wp-block-group-is-layout-constrained\" style=\"color:#212121;background-color:#f5f8f5;margin-top:0rem;padding-right:1rem;padding-left:1rem;font-size:clamp(0.875rem, 0.875rem + ((1vw - 0.2rem) * 0.464), 1.13rem);font-style:normal;font-weight:400;line-height:1.5\">\n<div class=\"wp-block-group has-text-color has-link-color wp-elements-8802b21bd7f8cdd23a0d30740d0b826f has-global-padding is-layout-constrained wp-container-core-group-is-layout-1 wp-block-group-is-layout-constrained\" style=\"color:#263763;padding-top:80px;padding-right:0rem;padding-bottom:80px;padding-left:0rem\">\n<div class=\"wp-block-columns is-not-stacked-on-mobile is-layout-flex wp-container-core-columns-is-layout-1 wp-block-columns-is-layout-flex\">\n<div class=\"wp-block-column has-global-padding is-layout-constrained wp-container-core-column-is-layout-1 wp-block-column-is-layout-constrained\" style=\"border-right-color:#263763;border-right-width:1px;padding-right:1rem;padding-left:1rem\">\n<h2 class=\"wp-block-heading has-text-align-center has-text-color\" style=\"color:#263763;margin-top:0px;margin-right:0px;margin-bottom:16px;margin-left:0px;font-size:clamp(24.034px, 1.502rem + ((1vw - 3.2px) * 1.814), 40px);font-style:normal;font-weight:400;line-height:1.2\">172<\/h2>\n\n\n\n<p class=\"has-text-align-center has-text-color\" style=\"color:#263763;margin-bottom:0rem;font-size:clamp(14px, 0.875rem + ((1vw - 3.2px) * 0.227), 16px);\">Projets r\u00e9alis\u00e9s<\/p>\n<\/div>\n\n\n\n<div class=\"wp-block-column has-global-padding is-layout-constrained wp-container-core-column-is-layout-2 wp-block-column-is-layout-constrained\" style=\"border-right-color:#263763;border-right-width:1px;padding-right:1rem;padding-left:1rem\">\n<h2 class=\"wp-block-heading has-text-align-center has-text-color\" style=\"color:#263763;margin-top:0px;margin-right:0px;margin-bottom:16px;margin-left:0px;font-size:clamp(24.034px, 1.502rem + ((1vw - 3.2px) * 1.814), 40px);font-style:normal;font-weight:400;line-height:1.2\">189<\/h2>\n\n\n\n<p class=\"has-text-align-center has-text-color\" style=\"color:#263763;font-size:clamp(14px, 0.875rem + ((1vw - 3.2px) * 0.227), 16px);\">Entreprises partenaires<\/p>\n<\/div>\n\n\n\n<div class=\"wp-block-column has-global-padding is-layout-constrained wp-container-core-column-is-layout-3 wp-block-column-is-layout-constrained\" style=\"padding-right:1rem;padding-left:1rem\">\n<h2 class=\"wp-block-heading has-text-align-center has-text-color\" style=\"color:#263763;margin-top:0px;margin-right:0px;margin-bottom:16px;margin-left:0px;font-size:clamp(24.034px, 1.502rem + ((1vw - 3.2px) * 1.814), 40px);font-style:normal;font-weight:400;line-height:1.2\">96%<\/h2>\n\n\n\n<p class=\"has-text-align-center has-text-color\" style=\"color:#263763;font-size:clamp(14px, 0.875rem + ((1vw - 3.2px) * 0.227), 16px);\">Satisfaction<\/p>\n<\/div>\n<\/div>\n<\/div>\n<\/section>\n\n\n\n<div class=\"wp-block-cover alignfull is-light has-custom-color-2-color has-text-color\" style=\"margin-top:0px;margin-bottom:0px;padding-top:100px;padding-right:20px;padding-bottom:100px;padding-left:20px\"><span aria-hidden=\"true\" class=\"wp-block-cover__background has-custom-color-1-background-color has-background-dim-0 has-background-dim\"><\/span><div class=\"wp-block-cover__inner-container has-global-padding is-layout-constrained wp-container-core-cover-is-layout-2 wp-block-cover-is-layout-constrained\">\n<h2 class=\"wp-block-heading has-text-align-center has-text-color\" style=\"color:#263763;margin-top:0px;margin-right:0px;margin-bottom:16px;margin-left:0px;font-size:clamp(24.034px, 1.502rem + ((1vw - 3.2px) * 1.814), 40px);font-style:normal;font-weight:400;line-height:1.2\">Nos Services<\/h2>\n\n\n\n<hr class=\"wp-block-separator has-text-color has-alpha-channel-opacity has-background\" style=\"margin-top:0px;margin-bottom:50px;background-color:#263763;color:#263763\"\/>\n\n\n\n<div class=\"wp-block-columns is-layout-flex wp-container-core-columns-is-layout-2 wp-block-columns-is-layout-flex\">\n<div class=\"wp-block-column is-layout-flow wp-container-core-column-is-layout-4 wp-block-column-is-layout-flow\">\n<figure class=\"wp-block-image size-full\"><img decoding=\"async\" width=\"1707\" height=\"2560\" src=\"https:\/\/iberostages.com\/wp-content\/uploads\/2024\/11\/pexels-fauxels-3228812-2-scaled.jpg\" alt=\"\" class=\"wp-image-1281\" style=\"aspect-ratio:3\/4;object-fit:cover\" srcset=\"https:\/\/iberostages.com\/wp-content\/uploads\/2024\/11\/pexels-fauxels-3228812-2-scaled.jpg 1707w, https:\/\/iberostages.com\/wp-content\/uploads\/2024\/11\/pexels-fauxels-3228812-2-200x300.jpg 200w, https:\/\/iberostages.com\/wp-content\/uploads\/2024\/11\/pexels-fauxels-3228812-2-683x1024.jpg 683w, https:\/\/iberostages.com\/wp-content\/uploads\/2024\/11\/pexels-fauxels-3228812-2-768x1152.jpg 768w, https:\/\/iberostages.com\/wp-content\/uploads\/2024\/11\/pexels-fauxels-3228812-2-1024x1536.jpg 1024w, https:\/\/iberostages.com\/wp-content\/uploads\/2024\/11\/pexels-fauxels-3228812-2-1365x2048.jpg 1365w\" sizes=\"(max-width: 1707px) 100vw, 1707px\" \/><\/figure>\n\n\n\n<h4 class=\"wp-block-heading has-text-color\" style=\"color:#263763;margin-top:1.75rem;font-size:clamp(14.642px, 0.915rem + ((1vw - 3.2px) * 0.836), 22px);font-style:normal;font-weight:400\">Stages en Espagne en Groupe<\/h4>\n\n\n\n<p class=\"has-text-color\" style=\"color:#263763;margin-bottom:0rem;font-size:clamp(14px, 0.875rem + ((1vw - 3.2px) * 0.227), 16px);\">Vous \u00eates un coll\u00e8ge, un lyc\u00e9e ou une \u00e9cole sup\u00e9rieure et vous souhaitez emmener vos \u00e9l\u00e8ves en stage \u00e0 l&rsquo;\u00e9tranger.<\/p>\n<\/div>\n\n\n\n<div class=\"wp-block-column is-layout-flow wp-container-core-column-is-layout-5 wp-block-column-is-layout-flow\">\n<figure class=\"wp-block-image size-full\"><img decoding=\"async\" width=\"1707\" height=\"2560\" src=\"https:\/\/iberostages.com\/wp-content\/uploads\/2024\/11\/pexels-vlada-karpovich-4050287-scaled.jpg\" alt=\"\" class=\"wp-image-1025\" style=\"aspect-ratio:3\/4;object-fit:cover\" srcset=\"https:\/\/iberostages.com\/wp-content\/uploads\/2024\/11\/pexels-vlada-karpovich-4050287-scaled.jpg 1707w, https:\/\/iberostages.com\/wp-content\/uploads\/2024\/11\/pexels-vlada-karpovich-4050287-200x300.jpg 200w, https:\/\/iberostages.com\/wp-content\/uploads\/2024\/11\/pexels-vlada-karpovich-4050287-683x1024.jpg 683w, https:\/\/iberostages.com\/wp-content\/uploads\/2024\/11\/pexels-vlada-karpovich-4050287-768x1152.jpg 768w, https:\/\/iberostages.com\/wp-content\/uploads\/2024\/11\/pexels-vlada-karpovich-4050287-1024x1536.jpg 1024w, https:\/\/iberostages.com\/wp-content\/uploads\/2024\/11\/pexels-vlada-karpovich-4050287-1365x2048.jpg 1365w\" sizes=\"(max-width: 1707px) 100vw, 1707px\" \/><\/figure>\n\n\n\n<h4 class=\"wp-block-heading has-text-color\" style=\"color:#263763;margin-top:1.75rem;font-size:clamp(14.642px, 0.915rem + ((1vw - 3.2px) * 0.836), 22px);font-style:normal;font-weight:400\">Stages en Espagne en Individuel<\/h4>\n\n\n\n<p class=\"has-text-color\" style=\"color:#263763;font-size:clamp(14px, 0.875rem + ((1vw - 3.2px) * 0.227), 16px);\">Vous avez plus de 18 ans et vous souhaitez partir en stage \u00e0 l&rsquo;\u00e9tranger pour am\u00e9liorer vos langues et booster votre CV.<\/p>\n<\/div>\n\n\n\n<div class=\"wp-block-column is-layout-flow wp-container-core-column-is-layout-6 wp-block-column-is-layout-flow\">\n<figure class=\"wp-block-image size-full\"><img loading=\"lazy\" decoding=\"async\" width=\"1709\" height=\"2560\" src=\"https:\/\/iberostages.com\/wp-content\/uploads\/2024\/11\/pexels-leeloothefirst-5408920-scaled.jpg\" alt=\"\" class=\"wp-image-1026\" style=\"aspect-ratio:3\/4;object-fit:cover\" srcset=\"https:\/\/iberostages.com\/wp-content\/uploads\/2024\/11\/pexels-leeloothefirst-5408920-scaled.jpg 1709w, https:\/\/iberostages.com\/wp-content\/uploads\/2024\/11\/pexels-leeloothefirst-5408920-200x300.jpg 200w, https:\/\/iberostages.com\/wp-content\/uploads\/2024\/11\/pexels-leeloothefirst-5408920-684x1024.jpg 684w, https:\/\/iberostages.com\/wp-content\/uploads\/2024\/11\/pexels-leeloothefirst-5408920-768x1150.jpg 768w, https:\/\/iberostages.com\/wp-content\/uploads\/2024\/11\/pexels-leeloothefirst-5408920-1025x1536.jpg 1025w, https:\/\/iberostages.com\/wp-content\/uploads\/2024\/11\/pexels-leeloothefirst-5408920-1367x2048.jpg 1367w\" sizes=\"(max-width: 1709px) 100vw, 1709px\" \/><\/figure>\n\n\n\n<h4 class=\"wp-block-heading has-text-color\" style=\"color:#263763;margin-top:1.75rem;font-size:clamp(14.642px, 0.915rem + ((1vw - 3.2px) * 0.836), 22px);font-style:normal;font-weight:400\">Cours et Certifications<\/h4>\n\n\n\n<p class=\"has-text-color\" style=\"color:#263763;font-size:clamp(14px, 0.875rem + ((1vw - 3.2px) * 0.227), 16px);\">Vous souhaitez prendre des cours de langue et\/ou passer des certifications. <\/p>\n<\/div>\n<\/div>\n\n\n\n<hr class=\"wp-block-separator has-text-color has-alpha-channel-opacity has-background is-style-default\" style=\"margin-top:var(--wp--preset--spacing--50);margin-bottom:var(--wp--preset--spacing--50);background-color:#ffffff;color:#ffffff\"\/>\n\n\n\n<div class=\"wp-block-group has-global-padding is-layout-constrained wp-block-group-is-layout-constrained\">\n<div class=\"wp-block-buttons is-content-justification-center is-layout-flex wp-container-core-buttons-is-layout-1 wp-block-buttons-is-layout-flex\">\n<div class=\"wp-block-button\"><a class=\"wp-block-button__link has-text-color has-background has-link-color has-border-color wp-element-button\" href=\"https:\/\/iberostages.com\/index.php\/services\/\" style=\"border-color:#263763;border-style:solid;border-width:1px;color:#263763;background-color:#26376300;padding-top:var(--wp--preset--spacing--20);padding-right:var(--wp--preset--spacing--50);padding-bottom:var(--wp--preset--spacing--20);padding-left:var(--wp--preset--spacing--50)\">Tous nos services<\/a><\/div>\n<\/div>\n<\/div>\n<\/div><\/div>\n\n\n\n<div class=\"wp-block-group alignfull has-background has-global-padding is-layout-constrained wp-container-core-group-is-layout-4 wp-block-group-is-layout-constrained\" style=\"background-color:#f5f8f5;margin-top:0px;margin-bottom:0px;padding-top:100px;padding-right:20px;padding-bottom:100px;padding-left:20px\">\n<div class=\"wp-block-columns alignwide is-layout-flex wp-container-core-columns-is-layout-3 wp-block-columns-is-layout-flex\" style=\"border-style:none;border-width:0px;margin-top:0px;margin-bottom:0px;padding-top:0px;padding-right:30px;padding-bottom:0px;padding-left:30px\">\n<div class=\"wp-block-column is-vertically-aligned-center is-layout-flow wp-container-core-column-is-layout-7 wp-block-column-is-layout-flow\" style=\"padding-top:0px;padding-right:0px;padding-bottom:40px;padding-left:0px\">\n<h6 class=\"wp-block-heading has-text-color\" style=\"color:#263763;margin-bottom:12px;font-size:12px\">\u00c0 Propos<\/h6>\n\n\n\n<h2 class=\"wp-block-heading has-text-color has-inter-font-family\" style=\"color:#263763;margin-top:0;margin-bottom:36px;font-size:clamp(24.034px, 1.502rem + ((1vw - 3.2px) * 1.814), 40px);font-style:normal;font-weight:400\">Notre talent \u00e0 votre service pour votre r\u00e9ussite professionnelle.<\/h2>\n\n\n\n<p class=\"has-text-color\" style=\"color:#263763;margin-bottom:2.75rem;font-size:clamp(14px, 0.875rem + ((1vw - 3.2px) * 0.227), 16px);\">Nous sommes une \u00e9quipe de professionnels avec plus de 10 ans d&rsquo;exp\u00e9rience dans la mobilit\u00e9 europ\u00e9enne. Nous mettons notre talent pour un accompagnement sur-mesure et une r\u00e9ussite assur\u00e9e \u00e0 l&rsquo;\u00e9tranger.<\/p>\n\n\n\n<div class=\"wp-block-buttons is-content-justification-left is-layout-flex wp-container-core-buttons-is-layout-2 wp-block-buttons-is-layout-flex\">\n<div class=\"wp-block-button has-custom-font-size is-style-outline is-style-outline--1\" style=\"font-size:clamp(14px, 0.875rem + ((1vw - 3.2px) * 0.114), 15px);line-height:1\"><a class=\"wp-block-button__link has-text-color has-background has-border-color wp-element-button\" href=\"https:\/\/iberostages.com\/index.php\/a-propos\/\" style=\"border-color:#263763;border-width:1px;border-radius:7px;color:#263763;background-color:#ffffff00;padding-top:17px;padding-right:40px;padding-bottom:17px;padding-left:40px\">En savoir plus<\/a><\/div>\n<\/div>\n<\/div>\n\n\n\n<div class=\"wp-block-column is-layout-flow wp-block-column-is-layout-flow\" style=\"flex-basis:40%\">\n<figure class=\"wp-block-image size-full\"><img loading=\"lazy\" decoding=\"async\" width=\"1700\" height=\"2560\" src=\"https:\/\/iberostages.com\/wp-content\/uploads\/2024\/11\/pexels-mike-marchetti-45079206-10255616-scaled.jpg\" alt=\"\" class=\"wp-image-1279\" srcset=\"https:\/\/iberostages.com\/wp-content\/uploads\/2024\/11\/pexels-mike-marchetti-45079206-10255616-scaled.jpg 1700w, https:\/\/iberostages.com\/wp-content\/uploads\/2024\/11\/pexels-mike-marchetti-45079206-10255616-199x300.jpg 199w, https:\/\/iberostages.com\/wp-content\/uploads\/2024\/11\/pexels-mike-marchetti-45079206-10255616-680x1024.jpg 680w, https:\/\/iberostages.com\/wp-content\/uploads\/2024\/11\/pexels-mike-marchetti-45079206-10255616-768x1156.jpg 768w, https:\/\/iberostages.com\/wp-content\/uploads\/2024\/11\/pexels-mike-marchetti-45079206-10255616-1020x1536.jpg 1020w, https:\/\/iberostages.com\/wp-content\/uploads\/2024\/11\/pexels-mike-marchetti-45079206-10255616-1360x2048.jpg 1360w\" sizes=\"(max-width: 1700px) 100vw, 1700px\" \/><\/figure>\n<\/div>\n<\/div>\n<\/div>\n\n\n\n<div class=\"wp-block-cover alignfull is-light has-custom-color-2-color has-text-color\" style=\"margin-top:0px;margin-bottom:0px;padding-top:100px;padding-right:20px;padding-bottom:100px;padding-left:20px;min-height:50px;aspect-ratio:unset;\"><span aria-hidden=\"true\" class=\"wp-block-cover__background has-white-background-color has-background-dim-0 has-background-dim\"><\/span><div class=\"wp-block-cover__inner-container has-global-padding is-layout-constrained wp-container-core-cover-is-layout-3 wp-block-cover-is-layout-constrained\">\n<figure class=\"wp-block-image aligncenter size-full is-style-default wp-duotone-263763-263763-2\"><img decoding=\"async\" src=\"https:\/\/tyler.com\/wp-content\/uploads\/2023\/11\/svgviewer-output.png\" alt=\"\" class=\"wp-image-2223\"\/><\/figure>\n\n\n\n<h1 class=\"wp-block-heading has-text-align-center has-text-color has-inter-font-family\" style=\"color:#263763;margin-bottom:2.5rem;font-size:clamp(21.536px, 1.346rem + ((1vw - 3.2px) * 1.53), 35px);font-style:normal;font-weight:400;letter-spacing:-2px;line-height:1.3\">Voyager, c\u2019est aimer d\u00e9couvrir et apprendre, c\u2019est se rendre compte que les cultures sont toutes belles et riches.<\/h1>\n\n\n\n<p class=\"has-text-align-center has-text-color\" style=\"color:#263763;margin-top:16px;margin-bottom:0;font-size:14px;font-style:normal;font-weight:300\">Tahar Ben Jelloun<\/p>\n<\/div><\/div>\n\n\n\n<div class=\"wp-block-cover alignfull has-custom-color-2-color has-text-color\" style=\"margin-top:0;margin-bottom:0;padding-top:120px;padding-right:20px;padding-bottom:120px;padding-left:20px;min-height:50px;aspect-ratio:unset;\"><span aria-hidden=\"true\" class=\"wp-block-cover__background has-black-background-color has-background-dim-30 has-background-dim\"><\/span><img loading=\"lazy\" decoding=\"async\" width=\"2560\" height=\"1705\" class=\"wp-block-cover__image-background wp-image-1032\" alt=\"\" src=\"https:\/\/iberostages.com\/wp-content\/uploads\/2024\/11\/pexels-bert-christiaens-2570221-15510166-scaled.jpg\" data-object-fit=\"cover\" srcset=\"https:\/\/iberostages.com\/wp-content\/uploads\/2024\/11\/pexels-bert-christiaens-2570221-15510166-scaled.jpg 2560w, https:\/\/iberostages.com\/wp-content\/uploads\/2024\/11\/pexels-bert-christiaens-2570221-15510166-300x200.jpg 300w, https:\/\/iberostages.com\/wp-content\/uploads\/2024\/11\/pexels-bert-christiaens-2570221-15510166-1024x682.jpg 1024w, https:\/\/iberostages.com\/wp-content\/uploads\/2024\/11\/pexels-bert-christiaens-2570221-15510166-768x512.jpg 768w, https:\/\/iberostages.com\/wp-content\/uploads\/2024\/11\/pexels-bert-christiaens-2570221-15510166-1536x1023.jpg 1536w, https:\/\/iberostages.com\/wp-content\/uploads\/2024\/11\/pexels-bert-christiaens-2570221-15510166-2048x1364.jpg 2048w\" sizes=\"(max-width: 2560px) 100vw, 2560px\" \/><div class=\"wp-block-cover__inner-container has-global-padding is-layout-constrained wp-container-core-cover-is-layout-4 wp-block-cover-is-layout-constrained\">\n<h2 class=\"wp-block-heading has-text-align-center has-text-color\" style=\"color:#ffffff;font-size:clamp(32.518px, 2.032rem + ((1vw - 3.2px) * 2.896), 58px);font-style:normal;font-weight:400;letter-spacing:-2px;line-height:1.2\">CONTACT<\/h2>\n\n\n\n<p class=\"has-text-align-center has-text-color\" style=\"color:#fefefe;margin-bottom:2.5rem;font-size:clamp(14px, 0.875rem + ((1vw - 3.2px) * 0.341), 17px);font-style:normal;font-weight:400;line-height:1.9\">Nous sommes l\u00e0 pour r\u00e9pondre \u00e0 toutes vos questions.<\/p>\n\n\n\n<div class=\"wp-block-buttons is-content-justification-center is-layout-flex wp-container-core-buttons-is-layout-3 wp-block-buttons-is-layout-flex\">\n<div class=\"wp-block-button has-custom-font-size\" style=\"font-size:clamp(14px, 0.875rem + ((1vw - 3.2px) * 0.227), 16px);line-height:1\"><a class=\"wp-block-button__link has-text-color has-background has-border-color wp-element-button\" href=\"https:\/\/iberostages.com\/index.php\/contact\/\" style=\"border-color:#263763;border-width:1px;color:#263763;background-color:#ffffff;padding-top:17px;padding-right:40px;padding-bottom:17px;padding-left:40px\">Partir en Stage<\/a><\/div>\n<\/div>\n<\/div><\/div>\n","protected":false},"excerpt":{"rendered":"<p>172 Projets r\u00e9alis\u00e9s 189 Entreprises partenaires 96% Satisfaction \u00c0 Propos Notre talent \u00e0 votre service pour votre r\u00e9ussite professionnelle. Nous sommes une \u00e9quipe de professionnels avec plus de 10 ans d&rsquo;exp\u00e9rience dans la mobilit\u00e9 europ\u00e9enne. Nous mettons notre talent pour un accompagnement sur-mesure et une r\u00e9ussite assur\u00e9e \u00e0 l&rsquo;\u00e9tranger.<\/p>\n","protected":false},"author":3,"featured_media":0,"parent":0,"menu_order":0,"comment_status":"closed","ping_status":"closed","template":"","meta":{"footnotes":""},"class_list":["post-980","page","type-page","status-publish","hentry"],"_links":{"self":[{"href":"https:\/\/iberostages.com\/index.php\/wp-json\/wp\/v2\/pages\/980","targetHints":{"allow":["GET"]}}],"collection":[{"href":"https:\/\/iberostages.com\/index.php\/wp-json\/wp\/v2\/pages"}],"about":[{"href":"https:\/\/iberostages.com\/index.php\/wp-json\/wp\/v2\/types\/page"}],"author":[{"embeddable":true,"href":"https:\/\/iberostages.com\/index.php\/wp-json\/wp\/v2\/users\/3"}],"replies":[{"embeddable":true,"href":"https:\/\/iberostages.com\/index.php\/wp-json\/wp\/v2\/comments?post=980"}],"version-history":[{"count":25,"href":"https:\/\/iberostages.com\/index.php\/wp-json\/wp\/v2\/pages\/980\/revisions"}],"predecessor-version":[{"id":1387,"href":"https:\/\/iberostages.com\/index.php\/wp-json\/wp\/v2\/pages\/980\/revisions\/1387"}],"wp:attachment":[{"href":"https:\/\/iberostages.com\/index.php\/wp-json\/wp\/v2\/media?parent=980"}],"curies":[{"name":"wp","href":"https:\/\/api.w.org\/{rel}","templated":true}]}}