{"id":1247,"date":"2024-11-07T23:50:59","date_gmt":"2024-11-07T22:50:59","guid":{"rendered":"https:\/\/iberostages.com\/?page_id=1247"},"modified":"2024-11-07T23:50:59","modified_gmt":"2024-11-07T22:50:59","slug":"politique-de-cookies","status":"publish","type":"page","link":"https:\/\/iberostages.com\/index.php\/politique-de-cookies\/","title":{"rendered":"Politique de Cookies"},"content":{"rendered":"\n<h2 class=\"wp-block-heading has-large-font-size\">Politique de Cookies<\/h2>\n\n\n\n<figure class=\"wp-block-pullquote has-text-align-left has-border-color has-small-font-size\" style=\"border-color:#ffffff00;padding-top:0;padding-bottom:0\"><blockquote><p><strong>Derni\u00e8re mise \u00e0 jour : 06\/11\/2024<\/strong><br>\u00a0<br>Nous utilisons des cookies pour am\u00e9liorer votre exp\u00e9rience sur notre site, personnaliser le contenu, analyser le trafic et vous proposer des publicit\u00e9s cibl\u00e9es. En utilisant notre site, vous acceptez l&rsquo;utilisation des cookies conform\u00e9ment \u00e0 cette politique.<br>\u00a0<br><strong>1. Qu&rsquo;est-ce qu&rsquo;un cookie ?<\/strong><br>Un cookie est un petit fichier texte qui est stock\u00e9 sur votre appareil lorsque vous acc\u00e9dez \u00e0 notre site. Il nous permet de vous reconna\u00eetre et de personnaliser votre exp\u00e9rience.<br>\u00a0<br><strong>2. Types de cookies utilis\u00e9s<\/strong><br>Cookies n\u00e9cessaires : Ces cookies sont essentiels pour vous permettre de naviguer sur notre site et d&rsquo;utiliser ses fonctionnalit\u00e9s.<br>Cookies de performance : Ils collectent des informations sur la mani\u00e8re dont les utilisateurs naviguent sur le site, afin d&rsquo;am\u00e9liorer la performance et la fonctionnalit\u00e9.<br>Cookies de fonctionnalit\u00e9 : Ces cookies permettent de m\u00e9moriser vos pr\u00e9f\u00e9rences, comme la langue ou la r\u00e9gion, pour am\u00e9liorer votre exp\u00e9rience.<br>Cookies de ciblage\/publicit\u00e9 : Ils sont utilis\u00e9s pour afficher des publicit\u00e9s pertinentes en fonction de vos int\u00e9r\u00eats.<br>\u00a0<br><strong>3. Consentement aux cookies<\/strong><br>Lors de votre premi\u00e8re visite, vous serez invit\u00e9 \u00e0 accepter ou refuser les cookies. Vous pouvez \u00e0 tout moment modifier vos pr\u00e9f\u00e9rences en acc\u00e9dant \u00e0 notre gestion des cookies dans le bas de la page.<br>\u00a0<br><strong>4. G\u00e9rer les cookies<\/strong><br>Vous pouvez g\u00e9rer vos cookies \u00e0 tout moment depuis les param\u00e8tres de votre navigateur. Cependant, la d\u00e9sactivation de certains cookies peut nuire \u00e0 l&rsquo;exp\u00e9rience sur notre site.<br>\u00a0<br><strong>5. Cookies tiers<\/strong><br>Nous utilisons \u00e9galement des cookies tiers (comme ceux de Google Analytics ou des plateformes publicitaires) qui peuvent collecter des informations pour personnaliser le contenu et les publicit\u00e9s.<br>\u00a0<br><strong>6. Modifications de la politique de cookies<\/strong><br>Nous nous r\u00e9servons le droit de modifier cette politique de cookies \u00e0 tout moment. Les modifications seront publi\u00e9es sur cette page.<\/p><\/blockquote><\/figure>\n\n\n\n<p><\/p>\n","protected":false},"excerpt":{"rendered":"<p>Politique de Cookies Derni\u00e8re mise \u00e0 jour : 06\/11\/2024\u00a0Nous utilisons des cookies pour am\u00e9liorer votre exp\u00e9rience sur notre site, personnaliser le contenu, analyser le trafic et vous proposer des publicit\u00e9s cibl\u00e9es. En utilisant notre site, vous acceptez l&rsquo;utilisation des cookies conform\u00e9ment \u00e0 cette politique.\u00a01. Qu&rsquo;est-ce qu&rsquo;un cookie ?Un cookie est un petit fichier texte qui [&hellip;]<\/p>\n","protected":false},"author":2,"featured_media":0,"parent":0,"menu_order":0,"comment_status":"closed","ping_status":"closed","template":"","meta":{"footnotes":""},"class_list":["post-1247","page","type-page","status-publish","hentry"],"_links":{"self":[{"href":"https:\/\/iberostages.com\/index.php\/wp-json\/wp\/v2\/pages\/1247","targetHints":{"allow":["GET"]}}],"collection":[{"href":"https:\/\/iberostages.com\/index.php\/wp-json\/wp\/v2\/pages"}],"about":[{"href":"https:\/\/iberostages.com\/index.php\/wp-json\/wp\/v2\/types\/page"}],"author":[{"embeddable":true,"href":"https:\/\/iberostages.com\/index.php\/wp-json\/wp\/v2\/users\/2"}],"replies":[{"embeddable":true,"href":"https:\/\/iberostages.com\/index.php\/wp-json\/wp\/v2\/comments?post=1247"}],"version-history":[{"count":1,"href":"https:\/\/iberostages.com\/index.php\/wp-json\/wp\/v2\/pages\/1247\/revisions"}],"predecessor-version":[{"id":1249,"href":"https:\/\/iberostages.com\/index.php\/wp-json\/wp\/v2\/pages\/1247\/revisions\/1249"}],"wp:attachment":[{"href":"https:\/\/iberostages.com\/index.php\/wp-json\/wp\/v2\/media?parent=1247"}],"curies":[{"name":"wp","href":"https:\/\/api.w.org\/{rel}","templated":true}]}}