{"id":1103,"date":"2024-11-03T21:54:13","date_gmt":"2024-11-03T20:54:13","guid":{"rendered":"https:\/\/iberostages.com\/?page_id=1103"},"modified":"2024-11-13T11:32:01","modified_gmt":"2024-11-13T10:32:01","slug":"hebergements","status":"publish","type":"page","link":"https:\/\/iberostages.com\/index.php\/hebergements\/","title":{"rendered":"H\u00e9bergements"},"content":{"rendered":"\n<div class=\"wp-block-cover alignfull\" style=\"margin-top:0;margin-bottom:0;padding-top:0px;padding-bottom:80px;min-height:300px;aspect-ratio:unset;\"><span aria-hidden=\"true\" class=\"wp-block-cover__background has-black-background-color has-background-dim-30 has-background-dim\"><\/span><img fetchpriority=\"high\" decoding=\"async\" width=\"2560\" height=\"1708\" class=\"wp-block-cover__image-background wp-image-1298\" alt=\"\" src=\"https:\/\/iberostages.com\/wp-content\/uploads\/2024\/11\/pexels-magic-k-24827758-6726422-scaled.jpg\" data-object-fit=\"cover\" srcset=\"https:\/\/iberostages.com\/wp-content\/uploads\/2024\/11\/pexels-magic-k-24827758-6726422-scaled.jpg 2560w, https:\/\/iberostages.com\/wp-content\/uploads\/2024\/11\/pexels-magic-k-24827758-6726422-300x200.jpg 300w, https:\/\/iberostages.com\/wp-content\/uploads\/2024\/11\/pexels-magic-k-24827758-6726422-1024x683.jpg 1024w, https:\/\/iberostages.com\/wp-content\/uploads\/2024\/11\/pexels-magic-k-24827758-6726422-768x512.jpg 768w, https:\/\/iberostages.com\/wp-content\/uploads\/2024\/11\/pexels-magic-k-24827758-6726422-1536x1025.jpg 1536w, https:\/\/iberostages.com\/wp-content\/uploads\/2024\/11\/pexels-magic-k-24827758-6726422-2048x1366.jpg 2048w\" sizes=\"(max-width: 2560px) 100vw, 2560px\" \/><div class=\"wp-block-cover__inner-container has-global-padding is-layout-constrained wp-container-core-cover-is-layout-1 wp-block-cover-is-layout-constrained\">\n<div style=\"height:50px\" aria-hidden=\"true\" class=\"wp-block-spacer\"><\/div>\n\n\n\n<h1 class=\"wp-block-heading has-text-align-center has-text-color has-link-color has-suranna-font-family wp-elements-eccd47aa9cb5b74849a2d6cad5b054a6\" style=\"color:#ffffff;font-size:clamp(38.682px, 2.418rem + ((1vw - 3.2px) * 3.786), 72px);font-style:normal;font-weight:500\">H\u00e9bergements<\/h1>\n<\/div><\/div>\n\n\n\n<div class=\"wp-block-group alignfull has-global-padding is-layout-constrained wp-container-core-group-is-layout-2 wp-block-group-is-layout-constrained\">\n<div class=\"wp-block-group alignwide has-global-padding is-layout-constrained wp-container-core-group-is-layout-1 wp-block-group-is-layout-constrained\" style=\"margin-top:0;margin-bottom:0;padding-top:100px;padding-bottom:100px\">\n<div class=\"wp-block-columns is-layout-flex wp-container-core-columns-is-layout-1 wp-block-columns-is-layout-flex\">\n<div class=\"wp-block-column is-layout-flow wp-block-column-is-layout-flow\">\n<figure class=\"wp-block-image alignleft size-full\"><img decoding=\"async\" width=\"1708\" height=\"2560\" src=\"https:\/\/iberostages.com\/wp-content\/uploads\/2024\/11\/pexels-fauxels-3184188-scaled.jpg\" alt=\"\" class=\"wp-image-1182\" srcset=\"https:\/\/iberostages.com\/wp-content\/uploads\/2024\/11\/pexels-fauxels-3184188-scaled.jpg 1708w, https:\/\/iberostages.com\/wp-content\/uploads\/2024\/11\/pexels-fauxels-3184188-200x300.jpg 200w, https:\/\/iberostages.com\/wp-content\/uploads\/2024\/11\/pexels-fauxels-3184188-683x1024.jpg 683w, https:\/\/iberostages.com\/wp-content\/uploads\/2024\/11\/pexels-fauxels-3184188-768x1151.jpg 768w, https:\/\/iberostages.com\/wp-content\/uploads\/2024\/11\/pexels-fauxels-3184188-1025x1536.jpg 1025w, https:\/\/iberostages.com\/wp-content\/uploads\/2024\/11\/pexels-fauxels-3184188-1367x2048.jpg 1367w\" sizes=\"(max-width: 1708px) 100vw, 1708px\" \/><\/figure>\n<\/div>\n\n\n\n<div class=\"wp-block-column is-vertically-aligned-center has-global-padding is-content-justification-left is-layout-constrained wp-container-core-column-is-layout-2 wp-block-column-is-layout-constrained\">\n<h3 class=\"wp-block-heading has-text-align-left has-text-color has-suranna-font-family\" style=\"color:#263763;margin-top:0.5rem;margin-bottom:0rem;font-size:clamp(24.034px, 1.502rem + ((1vw - 3.2px) * 1.814), 40px);font-style:normal;font-weight:500;letter-spacing:0px;line-height:1.3\">Famille d&rsquo;Accueil<\/h3>\n\n\n\n<hr class=\"wp-block-separator has-text-color has-alpha-channel-opacity has-background\" style=\"background-color:#263763;color:#263763\"\/>\n\n\n\n<p class=\"has-text-color has-link-color has-pontano-sans-font-family wp-elements-86f1c79f777572d7c9d57a0a252c3e36\" style=\"color:#263763;font-size:clamp(14px, 0.875rem + ((1vw - 3.2px) * 0.455), 18px);\">IBERO Stages propose un service d\u2019h\u00e9bergement en famille d\u2019accueil, id\u00e9al pour ceux qui souhaitent vivre une immersion totale dans la culture locale. Ce mode de logement vous permet de d\u00e9couvrir le quotidien d&rsquo;une famille espagnole tout en am\u00e9liorant vos comp\u00e9tences linguistiques dans un environnement convivial et authentique.<\/p>\n\n\n\n<p class=\"has-text-color has-link-color wp-elements-0b99c4a65d721dffc02018fc223a0b22\" style=\"color:#263763;font-size:clamp(14px, 0.875rem + ((1vw - 3.2px) * 0.455), 18px);\">En optant pour cette solution, vous serez immerg\u00e9 dans un cadre familial chaleureux et accueillant, propice aux \u00e9changes culturels et aux interactions quotidiennes. Cette exp\u00e9rience vous permettra de partager des repas, de participer \u00e0 des activit\u00e9s familiales et de d\u00e9couvrir les traditions locales, tout en approfondissant votre ma\u00eetrise de la langue et des coutumes espagnoles.<\/p>\n\n\n\n<p class=\"has-text-color has-link-color wp-elements-35e31ff2ab6220e595de69cf25322e85\" style=\"color:#263763;font-size:clamp(14px, 0.875rem + ((1vw - 3.2px) * 0.455), 18px);\">Notre \u00e9quipe s\u2019occupe de la s\u00e9lection des familles d\u2019accueil pour garantir un cadre de vie s\u00fbr et agr\u00e9able. Nous veillons \u00e0 ce que chaque famille soit soigneusement choisie en fonction de vos attentes et de vos besoins, afin d\u2019assurer une exp\u00e9rience positive et enrichissante.<\/p>\n\n\n\n<hr class=\"wp-block-separator has-text-color has-alpha-channel-opacity has-background\" style=\"background-color:#263763;color:#263763\"\/>\n\n\n\n<div class=\"wp-block-buttons is-horizontal is-content-justification-left is-layout-flex wp-container-core-buttons-is-layout-1 wp-block-buttons-is-layout-flex\" style=\"margin-top:20px\">\n<div class=\"wp-block-button has-custom-width wp-block-button__width-50 has-custom-font-size is-style-outline has-pontano-sans-font-family is-style-outline--1\" style=\"font-size:clamp(0.875rem, 0.875rem + ((1vw - 0.2rem) * 0.245), 1.01rem);font-style:normal;font-weight:600;letter-spacing:1px;line-height:1.5;text-transform:uppercase\"><a class=\"wp-block-button__link has-text-color has-background has-border-color wp-element-button\" href=\"https:\/\/iberostages.com\/index.php\/contact\/\" style=\"border-color:#263763;border-width:1px;border-radius:1rem;color:#263763;background-color:#d9f0fe;padding-top:0.71rem;padding-right:0.31rem;padding-bottom:0.71rem;padding-left:0.31rem\">Contact<\/a><\/div>\n<\/div>\n<\/div>\n<\/div>\n<\/div>\n<\/div>\n\n\n\n<div class=\"wp-block-group alignfull has-global-padding is-layout-constrained wp-container-core-group-is-layout-4 wp-block-group-is-layout-constrained\">\n<div class=\"wp-block-group alignwide has-global-padding is-layout-constrained wp-container-core-group-is-layout-3 wp-block-group-is-layout-constrained\" style=\"margin-top:0;margin-bottom:0;padding-bottom:100px\">\n<div class=\"wp-block-columns is-layout-flex wp-container-core-columns-is-layout-2 wp-block-columns-is-layout-flex\">\n<div class=\"wp-block-column is-vertically-aligned-center has-global-padding is-content-justification-left is-layout-constrained wp-container-core-column-is-layout-3 wp-block-column-is-layout-constrained\">\n<h3 class=\"wp-block-heading has-text-align-left has-text-color has-suranna-font-family\" style=\"color:#263763;margin-top:0.5rem;margin-bottom:0rem;font-size:clamp(24.034px, 1.502rem + ((1vw - 3.2px) * 1.814), 40px);font-style:normal;font-weight:500;letter-spacing:0px;line-height:1.3\">Appartement<\/h3>\n\n\n\n<hr class=\"wp-block-separator has-text-color has-alpha-channel-opacity has-background\" style=\"background-color:#263763;color:#263763\"\/>\n\n\n\n<p class=\"has-text-color has-link-color has-pontano-sans-font-family wp-elements-9ce4bda81ccf9a6ae5efc04961f050bc\" style=\"color:#263763;font-size:clamp(14px, 0.875rem + ((1vw - 3.2px) * 0.455), 18px);\">IBERO Stages vous propose le choix entre un appartement priv\u00e9 ou un appartement partag\u00e9, afin de r\u00e9pondre au mieux \u00e0 vos besoins et pr\u00e9f\u00e9rences personnelles.<\/p>\n\n\n\n<p class=\"has-text-color has-link-color wp-elements-c39c14503d4abda1370f9424dfb85238\" style=\"color:#263763;font-size:clamp(14px, 0.875rem + ((1vw - 3.2px) * 0.455), 18px);\">L\u2019appartement priv\u00e9 vous offre une ind\u00e9pendance totale, vous permettant de b\u00e9n\u00e9ficier d\u2019un espace personnel confortable pour \u00e9tudier et vous d\u00e9tendre, id\u00e9al pour ceux qui recherchent la tranquillit\u00e9 et l\u2019intimit\u00e9 durant leur s\u00e9jour.<\/p>\n\n\n\n<p class=\"has-text-color has-link-color wp-elements-be2b511c8a6c740d963b3a4759ab756b\" style=\"color:#263763;font-size:clamp(14px, 0.875rem + ((1vw - 3.2px) * 0.455), 18px);\">D\u2019autre part, l\u2019appartement partag\u00e9 favorise les interactions sociales et l\u2019\u00e9change culturel. En cohabitant avec d&rsquo;autres \u00e9tudiants ou jeunes professionnels, vous aurez l&rsquo;occasion de partager des exp\u00e9riences et de cr\u00e9er des liens durables dans un environnement convivial.<\/p>\n\n\n\n<p class=\"has-text-color has-link-color has-pontano-sans-font-family wp-elements-dae7a2b90f372dc8cc54837ff57f085c\" style=\"color:#263763;font-size:clamp(14px, 0.875rem + ((1vw - 3.2px) * 0.455), 18px);\">Tous nos logements sont rigoureusement s\u00e9lectionn\u00e9s pour garantir un cadre de vie de qualit\u00e9, bien situ\u00e9 et facilement accessible aux transports en commun et aux commodit\u00e9s locales.<\/p>\n\n\n\n<hr class=\"wp-block-separator has-text-color has-alpha-channel-opacity has-background\" style=\"background-color:#263763;color:#263763\"\/>\n\n\n\n<div class=\"wp-block-buttons is-horizontal is-content-justification-left is-layout-flex wp-container-core-buttons-is-layout-2 wp-block-buttons-is-layout-flex\" style=\"margin-top:20px\">\n<div class=\"wp-block-button has-custom-width wp-block-button__width-50 has-custom-font-size is-style-outline has-pontano-sans-font-family is-style-outline--2\" style=\"font-size:clamp(0.875rem, 0.875rem + ((1vw - 0.2rem) * 0.245), 1.01rem);font-style:normal;font-weight:600;letter-spacing:1px;line-height:1.5;text-transform:uppercase\"><a class=\"wp-block-button__link has-text-color has-background has-border-color wp-element-button\" href=\"https:\/\/iberostages.com\/index.php\/contact\/\" style=\"border-color:#263763;border-width:1px;border-radius:1rem;color:#263763;background-color:#d9f0fe;padding-top:0.71rem;padding-right:0.31rem;padding-bottom:0.71rem;padding-left:0.31rem\">Contact<\/a><\/div>\n<\/div>\n<\/div>\n\n\n\n<div class=\"wp-block-column is-layout-flow wp-block-column-is-layout-flow\">\n<figure class=\"wp-block-image alignright size-full\"><img decoding=\"async\" width=\"1707\" height=\"2560\" src=\"https:\/\/iberostages.com\/wp-content\/uploads\/2024\/11\/pexels-mitbg000-29204174-scaled.jpg\" alt=\"\" class=\"wp-image-1131\" style=\"aspect-ratio:2\/3;object-fit:cover\" srcset=\"https:\/\/iberostages.com\/wp-content\/uploads\/2024\/11\/pexels-mitbg000-29204174-scaled.jpg 1707w, https:\/\/iberostages.com\/wp-content\/uploads\/2024\/11\/pexels-mitbg000-29204174-200x300.jpg 200w, https:\/\/iberostages.com\/wp-content\/uploads\/2024\/11\/pexels-mitbg000-29204174-683x1024.jpg 683w, https:\/\/iberostages.com\/wp-content\/uploads\/2024\/11\/pexels-mitbg000-29204174-768x1152.jpg 768w, https:\/\/iberostages.com\/wp-content\/uploads\/2024\/11\/pexels-mitbg000-29204174-1024x1536.jpg 1024w, https:\/\/iberostages.com\/wp-content\/uploads\/2024\/11\/pexels-mitbg000-29204174-1365x2048.jpg 1365w\" sizes=\"(max-width: 1707px) 100vw, 1707px\" \/><\/figure>\n<\/div>\n<\/div>\n<\/div>\n<\/div>\n\n\n\n<div class=\"wp-block-group alignfull has-global-padding is-layout-constrained wp-container-core-group-is-layout-6 wp-block-group-is-layout-constrained\">\n<div class=\"wp-block-group alignwide has-global-padding is-layout-constrained wp-container-core-group-is-layout-5 wp-block-group-is-layout-constrained\" style=\"margin-top:0;margin-bottom:0;padding-bottom:100px\">\n<div class=\"wp-block-columns is-layout-flex wp-container-core-columns-is-layout-3 wp-block-columns-is-layout-flex\">\n<div class=\"wp-block-column is-layout-flow wp-block-column-is-layout-flow\">\n<figure class=\"wp-block-image alignleft size-full\"><img loading=\"lazy\" decoding=\"async\" width=\"1707\" height=\"2560\" src=\"https:\/\/iberostages.com\/wp-content\/uploads\/2024\/11\/pexels-deeanacreates-2565222-scaled.jpg\" alt=\"\" class=\"wp-image-1139\" srcset=\"https:\/\/iberostages.com\/wp-content\/uploads\/2024\/11\/pexels-deeanacreates-2565222-scaled.jpg 1707w, https:\/\/iberostages.com\/wp-content\/uploads\/2024\/11\/pexels-deeanacreates-2565222-200x300.jpg 200w, https:\/\/iberostages.com\/wp-content\/uploads\/2024\/11\/pexels-deeanacreates-2565222-683x1024.jpg 683w, https:\/\/iberostages.com\/wp-content\/uploads\/2024\/11\/pexels-deeanacreates-2565222-768x1152.jpg 768w, https:\/\/iberostages.com\/wp-content\/uploads\/2024\/11\/pexels-deeanacreates-2565222-1024x1536.jpg 1024w, https:\/\/iberostages.com\/wp-content\/uploads\/2024\/11\/pexels-deeanacreates-2565222-1365x2048.jpg 1365w\" sizes=\"(max-width: 1707px) 100vw, 1707px\" \/><\/figure>\n<\/div>\n\n\n\n<div class=\"wp-block-column is-vertically-aligned-center has-global-padding is-content-justification-left is-layout-constrained wp-container-core-column-is-layout-6 wp-block-column-is-layout-constrained\">\n<h3 class=\"wp-block-heading has-text-align-left has-text-color has-suranna-font-family\" style=\"color:#263763;margin-top:0.5rem;margin-bottom:0rem;font-size:clamp(24.034px, 1.502rem + ((1vw - 3.2px) * 1.814), 40px);font-style:normal;font-weight:500;letter-spacing:0px;line-height:1.3\">H\u00f4tel<\/h3>\n\n\n\n<hr class=\"wp-block-separator has-text-color has-alpha-channel-opacity has-background\" style=\"background-color:#263763;color:#263763\"\/>\n\n\n\n<p class=\"has-text-color has-link-color has-pontano-sans-font-family wp-elements-2878cfa8aab35807108ec0e996ca162a\" style=\"color:#263763;font-size:clamp(14px, 0.875rem + ((1vw - 3.2px) * 0.455), 18px);\">IBERO Stages vous offre la possibilit\u00e9 de choisir un h\u00f4tel pour votre s\u00e9jour, une option id\u00e9ale pour ceux qui recherchent confort et autonomie durant leur exp\u00e9rience \u00e0 l\u2019\u00e9tranger.<\/p>\n\n\n\n<p class=\"has-text-color has-link-color wp-elements-59cdfb724d6f4f8e3f8249c49097605c\" style=\"color:#263763;font-size:clamp(14px, 0.875rem + ((1vw - 3.2px) * 0.455), 18px);\">Nos h\u00f4tels partenaires sont soigneusement s\u00e9lectionn\u00e9s pour garantir un cadre de vie agr\u00e9able et des services de qualit\u00e9. Vous pourrez profiter d\u2019un h\u00e9bergement confortable, avec des installations modernes, tout en b\u00e9n\u00e9ficiant d\u2019un emplacement strat\u00e9gique pour acc\u00e9der facilement aux transports en commun, aux commerces et aux points d\u2019int\u00e9r\u00eat locaux.<\/p>\n\n\n\n<p class=\"has-text-color has-link-color wp-elements-0b4c0c3f7bbc1784e8bc562d12c80509\" style=\"color:#263763;font-size:clamp(14px, 0.875rem + ((1vw - 3.2px) * 0.455), 18px);\">Choisir un h\u00f4tel vous permet \u00e9galement de b\u00e9n\u00e9ficier d&rsquo;une certaine flexibilit\u00e9 et de services suppl\u00e9mentaires, tels que le petit-d\u00e9jeuner inclus et des espaces communs propices \u00e0 la d\u00e9tente.<\/p>\n\n\n\n<p class=\"has-text-color has-link-color has-pontano-sans-font-family wp-elements-1072b7eeac662520f6fd4e37ba6f1759\" style=\"color:#263763;font-size:clamp(14px, 0.875rem + ((1vw - 3.2px) * 0.455), 18px);\">Avec plus de 12 ans d\u2019exp\u00e9rience, IBERO Stages s\u2019engage \u00e0 vous orienter vers les meilleures options d\u2019h\u00e9bergement, vous assurant un s\u00e9jour \u00e0 la fois confortable et professionnel, adapt\u00e9 \u00e0 vos attentes et besoins.<\/p>\n\n\n\n<hr class=\"wp-block-separator has-text-color has-alpha-channel-opacity has-background\" style=\"background-color:#263763;color:#263763\"\/>\n\n\n\n<div class=\"wp-block-buttons is-horizontal is-content-justification-left is-layout-flex wp-container-core-buttons-is-layout-3 wp-block-buttons-is-layout-flex\" style=\"margin-top:20px\">\n<div class=\"wp-block-button has-custom-width wp-block-button__width-50 has-custom-font-size is-style-outline has-pontano-sans-font-family is-style-outline--3\" style=\"font-size:clamp(0.875rem, 0.875rem + ((1vw - 0.2rem) * 0.245), 1.01rem);font-style:normal;font-weight:600;letter-spacing:1px;line-height:1.5;text-transform:uppercase\"><a class=\"wp-block-button__link has-text-color has-background has-border-color wp-element-button\" href=\"https:\/\/iberostages.com\/index.php\/contact\/\" style=\"border-color:#263763;border-width:1px;border-radius:1rem;color:#263763;background-color:#d9f0fe;padding-top:0.71rem;padding-right:0.31rem;padding-bottom:0.71rem;padding-left:0.31rem\">Contact<\/a><\/div>\n<\/div>\n<\/div>\n<\/div>\n<\/div>\n<\/div>\n\n\n\n<section class=\"wp-block-cover alignfull\" style=\"margin-top:0px;padding-top:1.01rem;padding-bottom:1.01rem;min-height:430px;aspect-ratio:unset;\"><span aria-hidden=\"true\" class=\"wp-block-cover__background has-black-background-color has-background-dim\"><\/span><img loading=\"lazy\" decoding=\"async\" width=\"2560\" height=\"1647\" class=\"wp-block-cover__image-background wp-image-1296\" alt=\"\" src=\"https:\/\/iberostages.com\/wp-content\/uploads\/2024\/11\/pexels-wildlittlethingsphoto-1774927-scaled.jpg\" style=\"object-position:57% 59%\" data-object-fit=\"cover\" data-object-position=\"57% 59%\" srcset=\"https:\/\/iberostages.com\/wp-content\/uploads\/2024\/11\/pexels-wildlittlethingsphoto-1774927-scaled.jpg 2560w, https:\/\/iberostages.com\/wp-content\/uploads\/2024\/11\/pexels-wildlittlethingsphoto-1774927-300x193.jpg 300w, https:\/\/iberostages.com\/wp-content\/uploads\/2024\/11\/pexels-wildlittlethingsphoto-1774927-1024x659.jpg 1024w, https:\/\/iberostages.com\/wp-content\/uploads\/2024\/11\/pexels-wildlittlethingsphoto-1774927-768x494.jpg 768w, https:\/\/iberostages.com\/wp-content\/uploads\/2024\/11\/pexels-wildlittlethingsphoto-1774927-1536x988.jpg 1536w, https:\/\/iberostages.com\/wp-content\/uploads\/2024\/11\/pexels-wildlittlethingsphoto-1774927-2048x1318.jpg 2048w\" sizes=\"(max-width: 2560px) 100vw, 2560px\" \/><div class=\"wp-block-cover__inner-container has-global-padding is-layout-constrained wp-container-core-cover-is-layout-2 wp-block-cover-is-layout-constrained\">\n<div class=\"wp-block-group has-text-color is-layout-flow wp-block-group-is-layout-flow\" style=\"color:#fffffd;margin-top:0px;padding-top:0rem;padding-right:1rem;padding-bottom:0rem;padding-left:1rem;font-size:clamp(0.875rem, 0.875rem + ((1vw - 0.2rem) * 0.464), 1.13rem);font-style:normal;font-weight:400;line-height:1.4\">\n<div class=\"wp-block-group has-global-padding is-layout-constrained wp-container-core-group-is-layout-7 wp-block-group-is-layout-constrained\">\n<p class=\"has-text-align-center has-text-color\" style=\"color:#fffffd;margin-bottom:0rem;font-size:clamp(1.507rem, 1.507rem + ((1vw - 0.2rem) * 1.824), 2.51rem);font-style:normal;font-weight:400;line-height:1.2\">Nous disposons de plus d&rsquo;options d&rsquo;h\u00e9bergements. Veuillez nous contacter pour un devis.<\/p>\n<\/div>\n<\/div>\n<\/div><\/section>\n","protected":false},"excerpt":{"rendered":"<p>Famille d&rsquo;Accueil IBERO Stages propose un service d\u2019h\u00e9bergement en famille d\u2019accueil, id\u00e9al pour ceux qui souhaitent vivre une immersion totale dans la culture locale. Ce mode de logement vous permet de d\u00e9couvrir le quotidien d&rsquo;une famille espagnole tout en am\u00e9liorant vos comp\u00e9tences linguistiques dans un environnement convivial et authentique. En optant pour cette solution, vous [&hellip;]<\/p>\n","protected":false},"author":2,"featured_media":0,"parent":0,"menu_order":0,"comment_status":"closed","ping_status":"closed","template":"","meta":{"footnotes":""},"class_list":["post-1103","page","type-page","status-publish","hentry"],"_links":{"self":[{"href":"https:\/\/iberostages.com\/index.php\/wp-json\/wp\/v2\/pages\/1103","targetHints":{"allow":["GET"]}}],"collection":[{"href":"https:\/\/iberostages.com\/index.php\/wp-json\/wp\/v2\/pages"}],"about":[{"href":"https:\/\/iberostages.com\/index.php\/wp-json\/wp\/v2\/types\/page"}],"author":[{"embeddable":true,"href":"https:\/\/iberostages.com\/index.php\/wp-json\/wp\/v2\/users\/2"}],"replies":[{"embeddable":true,"href":"https:\/\/iberostages.com\/index.php\/wp-json\/wp\/v2\/comments?post=1103"}],"version-history":[{"count":12,"href":"https:\/\/iberostages.com\/index.php\/wp-json\/wp\/v2\/pages\/1103\/revisions"}],"predecessor-version":[{"id":1339,"href":"https:\/\/iberostages.com\/index.php\/wp-json\/wp\/v2\/pages\/1103\/revisions\/1339"}],"wp:attachment":[{"href":"https:\/\/iberostages.com\/index.php\/wp-json\/wp\/v2\/media?parent=1103"}],"curies":[{"name":"wp","href":"https:\/\/api.w.org\/{rel}","templated":true}]}}