{"id":1100,"date":"2024-11-03T21:53:39","date_gmt":"2024-11-03T20:53:39","guid":{"rendered":"https:\/\/iberostages.com\/?page_id=1100"},"modified":"2024-11-13T11:19:56","modified_gmt":"2024-11-13T10:19:56","slug":"stage-individuel","status":"publish","type":"page","link":"https:\/\/iberostages.com\/index.php\/stage-individuel\/","title":{"rendered":"Stage Individuel"},"content":{"rendered":"\n<div class=\"wp-block-cover alignfull\" style=\"margin-top:0;margin-bottom:0;padding-top:0px;padding-bottom:80px;min-height:300px;aspect-ratio:unset;\"><span aria-hidden=\"true\" class=\"wp-block-cover__background has-black-background-color has-background-dim-30 has-background-dim\"><\/span><img fetchpriority=\"high\" decoding=\"async\" width=\"2560\" height=\"1708\" class=\"wp-block-cover__image-background wp-image-1298\" alt=\"\" src=\"https:\/\/iberostages.com\/wp-content\/uploads\/2024\/11\/pexels-magic-k-24827758-6726422-scaled.jpg\" data-object-fit=\"cover\" srcset=\"https:\/\/iberostages.com\/wp-content\/uploads\/2024\/11\/pexels-magic-k-24827758-6726422-scaled.jpg 2560w, https:\/\/iberostages.com\/wp-content\/uploads\/2024\/11\/pexels-magic-k-24827758-6726422-300x200.jpg 300w, https:\/\/iberostages.com\/wp-content\/uploads\/2024\/11\/pexels-magic-k-24827758-6726422-1024x683.jpg 1024w, https:\/\/iberostages.com\/wp-content\/uploads\/2024\/11\/pexels-magic-k-24827758-6726422-768x512.jpg 768w, https:\/\/iberostages.com\/wp-content\/uploads\/2024\/11\/pexels-magic-k-24827758-6726422-1536x1025.jpg 1536w, https:\/\/iberostages.com\/wp-content\/uploads\/2024\/11\/pexels-magic-k-24827758-6726422-2048x1366.jpg 2048w\" sizes=\"(max-width: 2560px) 100vw, 2560px\" \/><div class=\"wp-block-cover__inner-container has-global-padding is-layout-constrained wp-container-core-cover-is-layout-1 wp-block-cover-is-layout-constrained\">\n<div style=\"height:50px\" aria-hidden=\"true\" class=\"wp-block-spacer\"><\/div>\n\n\n\n<h1 class=\"wp-block-heading has-text-align-center has-text-color has-link-color has-suranna-font-family wp-elements-b4d2df5d242a106b71eb9f76493f5e44\" style=\"color:#ffffff;font-size:clamp(38.682px, 2.418rem + ((1vw - 3.2px) * 3.786), 72px);font-style:normal;font-weight:500\">Stage Individuel<\/h1>\n<\/div><\/div>\n\n\n\n<div class=\"wp-block-group alignfull has-global-padding is-layout-constrained wp-container-core-group-is-layout-2 wp-block-group-is-layout-constrained\">\n<div class=\"wp-block-group alignwide has-global-padding is-layout-constrained wp-container-core-group-is-layout-1 wp-block-group-is-layout-constrained\" style=\"margin-top:0;margin-bottom:0;padding-top:100px;padding-bottom:100px\">\n<div class=\"wp-block-columns is-layout-flex wp-container-core-columns-is-layout-1 wp-block-columns-is-layout-flex\">\n<div class=\"wp-block-column is-layout-flow wp-block-column-is-layout-flow\">\n<figure class=\"wp-block-image alignleft size-full\"><img decoding=\"async\" width=\"1440\" height=\"2560\" src=\"https:\/\/iberostages.com\/wp-content\/uploads\/2024\/11\/pexels-freestockpro-25650294-2-scaled.jpg\" alt=\"\" class=\"wp-image-1125\" srcset=\"https:\/\/iberostages.com\/wp-content\/uploads\/2024\/11\/pexels-freestockpro-25650294-2-scaled.jpg 1440w, https:\/\/iberostages.com\/wp-content\/uploads\/2024\/11\/pexels-freestockpro-25650294-2-169x300.jpg 169w, https:\/\/iberostages.com\/wp-content\/uploads\/2024\/11\/pexels-freestockpro-25650294-2-576x1024.jpg 576w, https:\/\/iberostages.com\/wp-content\/uploads\/2024\/11\/pexels-freestockpro-25650294-2-768x1365.jpg 768w, https:\/\/iberostages.com\/wp-content\/uploads\/2024\/11\/pexels-freestockpro-25650294-2-864x1536.jpg 864w, https:\/\/iberostages.com\/wp-content\/uploads\/2024\/11\/pexels-freestockpro-25650294-2-1152x2048.jpg 1152w\" sizes=\"(max-width: 1440px) 100vw, 1440px\" \/><\/figure>\n<\/div>\n\n\n\n<div class=\"wp-block-column is-vertically-aligned-center has-global-padding is-content-justification-left is-layout-constrained wp-container-core-column-is-layout-2 wp-block-column-is-layout-constrained\">\n<h3 class=\"wp-block-heading has-text-align-left has-text-color has-suranna-font-family\" style=\"color:#263763;margin-top:0.5rem;margin-bottom:0rem;font-size:clamp(24.034px, 1.502rem + ((1vw - 3.2px) * 1.814), 40px);font-style:normal;font-weight:500;letter-spacing:0px;line-height:1.3\">Partir en Stage<\/h3>\n\n\n\n<hr class=\"wp-block-separator has-text-color has-alpha-channel-opacity has-background\" style=\"background-color:#263763;color:#263763\"\/>\n\n\n\n<p class=\"has-text-color has-link-color has-pontano-sans-font-family wp-elements-312b850c473045439ec673e82ee88614\" style=\"color:#263763;font-size:clamp(14px, 0.875rem + ((1vw - 3.2px) * 0.455), 18px);\">IBERO Stages propose un service de stages individuels destin\u00e9 aux jeunes de plus de 18 ans souhaitant enrichir leur parcours professionnel en effectuant un stage \u00e0 l\u2019\u00e9tranger. Cette exp\u00e9rience unique est id\u00e9ale pour ceux qui souhaitent am\u00e9liorer leurs comp\u00e9tences linguistiques et renforcer leur CV dans un contexte international.<\/p>\n\n\n\n<p class=\"has-text-color has-link-color has-pontano-sans-font-family wp-elements-8e5151e7a91613dc19c6a1b692b4c1b1\" style=\"color:#263763;font-size:clamp(14px, 0.875rem + ((1vw - 3.2px) * 0.455), 18px);\">Notre \u00e9quipe d&rsquo;experts vous accompagne \u00e0 chaque \u00e9tape du processus. Nous commen\u00e7ons par \u00e9valuer vos aspirations professionnelles et vos comp\u00e9tences afin de vous proposer des stages adapt\u00e9s \u00e0 votre profil. Gr\u00e2ce \u00e0 notre vaste r\u00e9seau d&rsquo;entreprises partenaires, nous vous garantissons des opportunit\u00e9s de stage pertinentes et enrichissantes dans divers secteurs.<\/p>\n\n\n\n<hr class=\"wp-block-separator has-text-color has-alpha-channel-opacity has-background\" style=\"background-color:#263763;color:#263763\"\/>\n\n\n\n<p><\/p>\n\n\n\n<div class=\"wp-block-buttons is-horizontal is-content-justification-left is-layout-flex wp-container-core-buttons-is-layout-1 wp-block-buttons-is-layout-flex\" style=\"margin-top:20px\">\n<div class=\"wp-block-button has-custom-width wp-block-button__width-50 has-custom-font-size is-style-outline has-pontano-sans-font-family is-style-outline--1\" style=\"font-size:clamp(0.875rem, 0.875rem + ((1vw - 0.2rem) * 0.245), 1.01rem);font-style:normal;font-weight:600;letter-spacing:1px;line-height:1.5;text-transform:uppercase\"><a class=\"wp-block-button__link has-text-color has-background has-border-color wp-element-button\" href=\"https:\/\/iberostages.com\/index.php\/contact\/\" style=\"border-color:#263763;border-width:1px;border-radius:1rem;color:#263763;background-color:#d9f0fe;padding-top:0.71rem;padding-right:0.31rem;padding-bottom:0.71rem;padding-left:0.31rem\">Contact<\/a><\/div>\n<\/div>\n<\/div>\n<\/div>\n<\/div>\n<\/div>\n\n\n\n<section class=\"wp-block-cover alignfull\" style=\"margin-top:0px;padding-top:1.01rem;padding-bottom:1.01rem;min-height:430px;aspect-ratio:unset;\"><span aria-hidden=\"true\" class=\"wp-block-cover__background has-black-background-color has-background-dim\"><\/span><img decoding=\"async\" width=\"2560\" height=\"1647\" class=\"wp-block-cover__image-background wp-image-1296\" alt=\"\" src=\"https:\/\/iberostages.com\/wp-content\/uploads\/2024\/11\/pexels-wildlittlethingsphoto-1774927-scaled.jpg\" style=\"object-position:53% 59%\" data-object-fit=\"cover\" data-object-position=\"53% 59%\" srcset=\"https:\/\/iberostages.com\/wp-content\/uploads\/2024\/11\/pexels-wildlittlethingsphoto-1774927-scaled.jpg 2560w, https:\/\/iberostages.com\/wp-content\/uploads\/2024\/11\/pexels-wildlittlethingsphoto-1774927-300x193.jpg 300w, https:\/\/iberostages.com\/wp-content\/uploads\/2024\/11\/pexels-wildlittlethingsphoto-1774927-1024x659.jpg 1024w, https:\/\/iberostages.com\/wp-content\/uploads\/2024\/11\/pexels-wildlittlethingsphoto-1774927-768x494.jpg 768w, https:\/\/iberostages.com\/wp-content\/uploads\/2024\/11\/pexels-wildlittlethingsphoto-1774927-1536x988.jpg 1536w, https:\/\/iberostages.com\/wp-content\/uploads\/2024\/11\/pexels-wildlittlethingsphoto-1774927-2048x1318.jpg 2048w\" sizes=\"(max-width: 2560px) 100vw, 2560px\" \/><div class=\"wp-block-cover__inner-container has-global-padding is-layout-constrained wp-container-core-cover-is-layout-2 wp-block-cover-is-layout-constrained\">\n<div class=\"wp-block-group has-text-color is-layout-flow wp-block-group-is-layout-flow\" style=\"color:#fffffd;margin-top:0px;padding-top:0rem;padding-right:1rem;padding-bottom:0rem;padding-left:1rem;font-size:clamp(0.875rem, 0.875rem + ((1vw - 0.2rem) * 0.464), 1.13rem);font-style:normal;font-weight:400;line-height:1.4\">\n<div class=\"wp-block-group has-global-padding is-layout-constrained wp-container-core-group-is-layout-3 wp-block-group-is-layout-constrained\">\n<p class=\"has-text-align-center has-text-color\" style=\"color:#fffffd;margin-bottom:0rem;font-size:clamp(1.507rem, 1.507rem + ((1vw - 0.2rem) * 1.824), 2.51rem);font-style:normal;font-weight:400;line-height:1.2\">Partir en stage avec IBERO, c\u2019est choisir une exp\u00e9rience formatrice et inoubliable.<\/p>\n<\/div>\n<\/div>\n<\/div><\/section>\n","protected":false},"excerpt":{"rendered":"<p>Partir en Stage IBERO Stages propose un service de stages individuels destin\u00e9 aux jeunes de plus de 18 ans souhaitant enrichir leur parcours professionnel en effectuant un stage \u00e0 l\u2019\u00e9tranger. Cette exp\u00e9rience unique est id\u00e9ale pour ceux qui souhaitent am\u00e9liorer leurs comp\u00e9tences linguistiques et renforcer leur CV dans un contexte international. Notre \u00e9quipe d&rsquo;experts vous [&hellip;]<\/p>\n","protected":false},"author":2,"featured_media":0,"parent":0,"menu_order":0,"comment_status":"closed","ping_status":"closed","template":"","meta":{"footnotes":""},"class_list":["post-1100","page","type-page","status-publish","hentry"],"_links":{"self":[{"href":"https:\/\/iberostages.com\/index.php\/wp-json\/wp\/v2\/pages\/1100","targetHints":{"allow":["GET"]}}],"collection":[{"href":"https:\/\/iberostages.com\/index.php\/wp-json\/wp\/v2\/pages"}],"about":[{"href":"https:\/\/iberostages.com\/index.php\/wp-json\/wp\/v2\/types\/page"}],"author":[{"embeddable":true,"href":"https:\/\/iberostages.com\/index.php\/wp-json\/wp\/v2\/users\/2"}],"replies":[{"embeddable":true,"href":"https:\/\/iberostages.com\/index.php\/wp-json\/wp\/v2\/comments?post=1100"}],"version-history":[{"count":8,"href":"https:\/\/iberostages.com\/index.php\/wp-json\/wp\/v2\/pages\/1100\/revisions"}],"predecessor-version":[{"id":1337,"href":"https:\/\/iberostages.com\/index.php\/wp-json\/wp\/v2\/pages\/1100\/revisions\/1337"}],"wp:attachment":[{"href":"https:\/\/iberostages.com\/index.php\/wp-json\/wp\/v2\/media?parent=1100"}],"curies":[{"name":"wp","href":"https:\/\/api.w.org\/{rel}","templated":true}]}}