{"id":1097,"date":"2024-11-03T21:53:11","date_gmt":"2024-11-03T20:53:11","guid":{"rendered":"https:\/\/iberostages.com\/?page_id=1097"},"modified":"2024-11-13T11:17:40","modified_gmt":"2024-11-13T10:17:40","slug":"stage-en-groupe","status":"publish","type":"page","link":"https:\/\/iberostages.com\/index.php\/stage-en-groupe\/","title":{"rendered":"Stage en Groupe"},"content":{"rendered":"\n<div class=\"wp-block-cover alignfull\" style=\"margin-top:0;margin-bottom:0;padding-top:0px;padding-bottom:80px;min-height:300px;aspect-ratio:unset;\"><span aria-hidden=\"true\" class=\"wp-block-cover__background has-black-background-color has-background-dim-30 has-background-dim\"><\/span><img fetchpriority=\"high\" decoding=\"async\" width=\"2560\" height=\"1708\" class=\"wp-block-cover__image-background wp-image-1298\" alt=\"\" src=\"https:\/\/iberostages.com\/wp-content\/uploads\/2024\/11\/pexels-magic-k-24827758-6726422-scaled.jpg\" style=\"object-position:48% 37%\" data-object-fit=\"cover\" data-object-position=\"48% 37%\" srcset=\"https:\/\/iberostages.com\/wp-content\/uploads\/2024\/11\/pexels-magic-k-24827758-6726422-scaled.jpg 2560w, https:\/\/iberostages.com\/wp-content\/uploads\/2024\/11\/pexels-magic-k-24827758-6726422-300x200.jpg 300w, https:\/\/iberostages.com\/wp-content\/uploads\/2024\/11\/pexels-magic-k-24827758-6726422-1024x683.jpg 1024w, https:\/\/iberostages.com\/wp-content\/uploads\/2024\/11\/pexels-magic-k-24827758-6726422-768x512.jpg 768w, https:\/\/iberostages.com\/wp-content\/uploads\/2024\/11\/pexels-magic-k-24827758-6726422-1536x1025.jpg 1536w, https:\/\/iberostages.com\/wp-content\/uploads\/2024\/11\/pexels-magic-k-24827758-6726422-2048x1366.jpg 2048w\" sizes=\"(max-width: 2560px) 100vw, 2560px\" \/><div class=\"wp-block-cover__inner-container has-global-padding is-layout-constrained wp-container-core-cover-is-layout-1 wp-block-cover-is-layout-constrained\">\n<div style=\"height:50px\" aria-hidden=\"true\" class=\"wp-block-spacer\"><\/div>\n\n\n\n<h1 class=\"wp-block-heading has-text-align-center has-text-color has-link-color has-suranna-font-family wp-elements-449f2a9e351f904960fdda0ebd3cbb07\" style=\"color:#ffffff;font-size:clamp(38.682px, 2.418rem + ((1vw - 3.2px) * 3.786), 72px);font-style:normal;font-weight:500\">Stage en Groupe<\/h1>\n<\/div><\/div>\n\n\n\n<div class=\"wp-block-group alignfull has-global-padding is-layout-constrained wp-container-core-group-is-layout-2 wp-block-group-is-layout-constrained\">\n<div class=\"wp-block-group alignwide has-global-padding is-layout-constrained wp-container-core-group-is-layout-1 wp-block-group-is-layout-constrained\" style=\"margin-top:0;margin-bottom:0;padding-top:100px;padding-bottom:100px\">\n<div class=\"wp-block-columns is-layout-flex wp-container-core-columns-is-layout-1 wp-block-columns-is-layout-flex\">\n<div class=\"wp-block-column is-layout-flow wp-block-column-is-layout-flow\">\n<figure class=\"wp-block-image alignleft size-full\"><img decoding=\"async\" width=\"1707\" height=\"2560\" src=\"https:\/\/iberostages.com\/wp-content\/uploads\/2024\/11\/pexels-fauxels-3228812-scaled.jpg\" alt=\"\" class=\"wp-image-1115\" srcset=\"https:\/\/iberostages.com\/wp-content\/uploads\/2024\/11\/pexels-fauxels-3228812-scaled.jpg 1707w, https:\/\/iberostages.com\/wp-content\/uploads\/2024\/11\/pexels-fauxels-3228812-200x300.jpg 200w, https:\/\/iberostages.com\/wp-content\/uploads\/2024\/11\/pexels-fauxels-3228812-683x1024.jpg 683w, https:\/\/iberostages.com\/wp-content\/uploads\/2024\/11\/pexels-fauxels-3228812-768x1152.jpg 768w, https:\/\/iberostages.com\/wp-content\/uploads\/2024\/11\/pexels-fauxels-3228812-1024x1536.jpg 1024w, https:\/\/iberostages.com\/wp-content\/uploads\/2024\/11\/pexels-fauxels-3228812-1365x2048.jpg 1365w\" sizes=\"(max-width: 1707px) 100vw, 1707px\" \/><\/figure>\n<\/div>\n\n\n\n<div class=\"wp-block-column is-vertically-aligned-center has-global-padding is-content-justification-left is-layout-constrained wp-container-core-column-is-layout-2 wp-block-column-is-layout-constrained\">\n<h3 class=\"wp-block-heading has-text-align-left has-text-color has-suranna-font-family\" style=\"color:#263763;margin-top:0.5rem;margin-bottom:0rem;font-size:clamp(24.034px, 1.502rem + ((1vw - 3.2px) * 1.814), 40px);font-style:normal;font-weight:500;letter-spacing:0px;line-height:1.3\">Partir en Stage<\/h3>\n\n\n\n<hr class=\"wp-block-separator has-text-color has-alpha-channel-opacity has-background\" style=\"background-color:#263763;color:#263763\"\/>\n\n\n\n<p class=\"has-text-color has-link-color has-pontano-sans-font-family wp-elements-4f2ceeea625283ee0b6d1500b45b9d18\" style=\"color:#263763;font-size:clamp(14px, 0.875rem + ((1vw - 3.2px) * 0.455), 18px);\">IBERO Stages propose un service de stages en groupe destin\u00e9 aux coll\u00e8ges, lyc\u00e9es et \u00e9coles sup\u00e9rieures souhaitant offrir \u00e0 leurs \u00e9l\u00e8ves une exp\u00e9rience professionnelle enrichissante \u00e0 l\u2019\u00e9tranger. En tant qu&rsquo;organisme partenaire du programme Erasmus+, nous sommes en mesure de faciliter l&rsquo;acc\u00e8s \u00e0 des stages subventionn\u00e9s, offrant ainsi des opportunit\u00e9s uniques aux \u00e9tudiants.<\/p>\n\n\n\n<p class=\"has-text-color has-link-color has-pontano-sans-font-family wp-elements-20fa0ff8fffb2c5a8555c77b25e97763\" style=\"color:#263763;font-size:clamp(14px, 0.875rem + ((1vw - 3.2px) * 0.455), 18px);\">Notre \u00e9quipe d\u2019experts se charge de l\u2019ensemble de l\u2019organisation, depuis la recherche de stages adapt\u00e9s aux comp\u00e9tences et aux aspirations des \u00e9l\u00e8ves jusqu\u2019\u00e0 la gestion de la logistique, y compris l\u2019h\u00e9bergement et le transport. Gr\u00e2ce \u00e0 notre vaste r\u00e9seau d\u2019entreprises partenaires, nous garantissons des opportunit\u00e9s de stage de qualit\u00e9, permettant aux \u00e9tudiants de d\u00e9velopper des comp\u00e9tences pratiques tout en s\u2019immergeant dans une culture diff\u00e9rente.<\/p>\n\n\n\n<hr class=\"wp-block-separator has-text-color has-alpha-channel-opacity has-background\" style=\"background-color:#263763;color:#263763\"\/>\n\n\n\n<div class=\"wp-block-buttons is-horizontal is-content-justification-left is-layout-flex wp-container-core-buttons-is-layout-1 wp-block-buttons-is-layout-flex\" style=\"margin-top:20px\">\n<div class=\"wp-block-button has-custom-width wp-block-button__width-50 has-custom-font-size is-style-outline has-pontano-sans-font-family is-style-outline--1\" style=\"font-size:clamp(0.875rem, 0.875rem + ((1vw - 0.2rem) * 0.245), 1.01rem);font-style:normal;font-weight:600;letter-spacing:1px;line-height:1.5;text-transform:uppercase\"><a class=\"wp-block-button__link has-text-color has-background has-border-color wp-element-button\" href=\"https:\/\/iberostages.com\/index.php\/contact\/\" style=\"border-color:#263763;border-width:1px;border-radius:1rem;color:#263763;background-color:#d9f0fe;padding-top:0.71rem;padding-right:0.31rem;padding-bottom:0.71rem;padding-left:0.31rem\">Contact<\/a><\/div>\n<\/div>\n<\/div>\n<\/div>\n<\/div>\n<\/div>\n\n\n\n<section class=\"wp-block-cover alignfull\" style=\"margin-top:0px;padding-top:1.01rem;padding-bottom:1.01rem;min-height:430px;aspect-ratio:unset;\"><span aria-hidden=\"true\" class=\"wp-block-cover__background has-black-background-color has-background-dim\"><\/span><img decoding=\"async\" width=\"2560\" height=\"1647\" class=\"wp-block-cover__image-background wp-image-1296\" alt=\"\" src=\"https:\/\/iberostages.com\/wp-content\/uploads\/2024\/11\/pexels-wildlittlethingsphoto-1774927-scaled.jpg\" style=\"object-position:54% 61%\" data-object-fit=\"cover\" data-object-position=\"54% 61%\" srcset=\"https:\/\/iberostages.com\/wp-content\/uploads\/2024\/11\/pexels-wildlittlethingsphoto-1774927-scaled.jpg 2560w, https:\/\/iberostages.com\/wp-content\/uploads\/2024\/11\/pexels-wildlittlethingsphoto-1774927-300x193.jpg 300w, https:\/\/iberostages.com\/wp-content\/uploads\/2024\/11\/pexels-wildlittlethingsphoto-1774927-1024x659.jpg 1024w, https:\/\/iberostages.com\/wp-content\/uploads\/2024\/11\/pexels-wildlittlethingsphoto-1774927-768x494.jpg 768w, https:\/\/iberostages.com\/wp-content\/uploads\/2024\/11\/pexels-wildlittlethingsphoto-1774927-1536x988.jpg 1536w, https:\/\/iberostages.com\/wp-content\/uploads\/2024\/11\/pexels-wildlittlethingsphoto-1774927-2048x1318.jpg 2048w\" sizes=\"(max-width: 2560px) 100vw, 2560px\" \/><div class=\"wp-block-cover__inner-container has-global-padding is-layout-constrained wp-container-core-cover-is-layout-2 wp-block-cover-is-layout-constrained\">\n<div class=\"wp-block-group has-text-color is-layout-flow wp-block-group-is-layout-flow\" style=\"color:#fffffd;margin-top:0px;padding-top:0rem;padding-right:1rem;padding-bottom:0rem;padding-left:1rem;font-size:clamp(0.875rem, 0.875rem + ((1vw - 0.2rem) * 0.464), 1.13rem);font-style:normal;font-weight:400;line-height:1.4\">\n<div class=\"wp-block-group has-global-padding is-layout-constrained wp-container-core-group-is-layout-3 wp-block-group-is-layout-constrained\" style=\"margin-top:0;margin-bottom:0;padding-top:0;padding-right:0;padding-bottom:0;padding-left:0\">\n<p class=\"has-text-align-center has-text-color\" style=\"color:#fffffd;margin-bottom:0rem;font-size:clamp(1.507rem, 1.507rem + ((1vw - 0.2rem) * 1.824), 2.51rem);font-style:normal;font-weight:400;line-height:1.2\">Avec IBERO, offrez \u00e0 vos \u00e9l\u00e8ves un stage de groupe alliant qualit\u00e9 et accompagnement.<\/p>\n<\/div>\n<\/div>\n<\/div><\/section>\n","protected":false},"excerpt":{"rendered":"<p>Partir en Stage IBERO Stages propose un service de stages en groupe destin\u00e9 aux coll\u00e8ges, lyc\u00e9es et \u00e9coles sup\u00e9rieures souhaitant offrir \u00e0 leurs \u00e9l\u00e8ves une exp\u00e9rience professionnelle enrichissante \u00e0 l\u2019\u00e9tranger. En tant qu&rsquo;organisme partenaire du programme Erasmus+, nous sommes en mesure de faciliter l&rsquo;acc\u00e8s \u00e0 des stages subventionn\u00e9s, offrant ainsi des opportunit\u00e9s uniques aux \u00e9tudiants. [&hellip;]<\/p>\n","protected":false},"author":2,"featured_media":0,"parent":0,"menu_order":0,"comment_status":"closed","ping_status":"closed","template":"","meta":{"footnotes":""},"class_list":["post-1097","page","type-page","status-publish","hentry"],"_links":{"self":[{"href":"https:\/\/iberostages.com\/index.php\/wp-json\/wp\/v2\/pages\/1097","targetHints":{"allow":["GET"]}}],"collection":[{"href":"https:\/\/iberostages.com\/index.php\/wp-json\/wp\/v2\/pages"}],"about":[{"href":"https:\/\/iberostages.com\/index.php\/wp-json\/wp\/v2\/types\/page"}],"author":[{"embeddable":true,"href":"https:\/\/iberostages.com\/index.php\/wp-json\/wp\/v2\/users\/2"}],"replies":[{"embeddable":true,"href":"https:\/\/iberostages.com\/index.php\/wp-json\/wp\/v2\/comments?post=1097"}],"version-history":[{"count":23,"href":"https:\/\/iberostages.com\/index.php\/wp-json\/wp\/v2\/pages\/1097\/revisions"}],"predecessor-version":[{"id":1335,"href":"https:\/\/iberostages.com\/index.php\/wp-json\/wp\/v2\/pages\/1097\/revisions\/1335"}],"wp:attachment":[{"href":"https:\/\/iberostages.com\/index.php\/wp-json\/wp\/v2\/media?parent=1097"}],"curies":[{"name":"wp","href":"https:\/\/api.w.org\/{rel}","templated":true}]}}