{"id":1057,"date":"2024-11-02T22:58:57","date_gmt":"2024-11-02T21:58:57","guid":{"rendered":"https:\/\/iberostages.com\/?page_id=1057"},"modified":"2024-11-16T21:40:46","modified_gmt":"2024-11-16T20:40:46","slug":"secteurs-de-stages-2","status":"publish","type":"page","link":"https:\/\/iberostages.com\/index.php\/secteurs-de-stages-2\/","title":{"rendered":"Secteurs de Stages"},"content":{"rendered":"\n<div class=\"wp-block-cover alignfull\" style=\"margin-top:0;margin-bottom:0;padding-top:100px;min-height:453px;aspect-ratio:unset;\"><span aria-hidden=\"true\" class=\"wp-block-cover__background has-black-background-color has-background-dim-40 has-background-dim\"><\/span><img fetchpriority=\"high\" decoding=\"async\" width=\"2560\" height=\"1707\" class=\"wp-block-cover__image-background wp-image-1062\" alt=\"\" src=\"https:\/\/iberostages.com\/wp-content\/uploads\/2024\/11\/pexels-andrea-imre-151632551-10550205-1-scaled.jpg\" data-object-fit=\"cover\" srcset=\"https:\/\/iberostages.com\/wp-content\/uploads\/2024\/11\/pexels-andrea-imre-151632551-10550205-1-scaled.jpg 2560w, https:\/\/iberostages.com\/wp-content\/uploads\/2024\/11\/pexels-andrea-imre-151632551-10550205-1-300x200.jpg 300w, https:\/\/iberostages.com\/wp-content\/uploads\/2024\/11\/pexels-andrea-imre-151632551-10550205-1-1024x683.jpg 1024w, https:\/\/iberostages.com\/wp-content\/uploads\/2024\/11\/pexels-andrea-imre-151632551-10550205-1-768x512.jpg 768w, https:\/\/iberostages.com\/wp-content\/uploads\/2024\/11\/pexels-andrea-imre-151632551-10550205-1-1536x1024.jpg 1536w, https:\/\/iberostages.com\/wp-content\/uploads\/2024\/11\/pexels-andrea-imre-151632551-10550205-1-2048x1365.jpg 2048w\" sizes=\"(max-width: 2560px) 100vw, 2560px\" \/><div class=\"wp-block-cover__inner-container has-global-padding is-layout-constrained wp-container-core-cover-is-layout-1 wp-block-cover-is-layout-constrained\">\n<h1 class=\"wp-block-heading has-text-align-center has-text-color\" style=\"color:#ffffff;font-size:clamp(40.387px, 2.524rem + ((1vw - 3.2px) * 4.047), 76px);font-style:normal;font-weight:400\">Secteurs de Stages<\/h1>\n<\/div><\/div>\n\n\n\n<div class=\"wp-block-group alignfull has-text-color has-link-color wp-elements-2e625ccb377c604ab122dda1ef3ebf23 has-global-padding is-layout-constrained wp-container-core-group-is-layout-1 wp-block-group-is-layout-constrained\" style=\"color:#263763;margin-top:0;margin-bottom:0;padding-top:100px;padding-right:21px;padding-bottom:80px;padding-left:21px\">\n<div class=\"wp-block-columns is-layout-flex wp-container-core-columns-is-layout-1 wp-block-columns-is-layout-flex\">\n<div class=\"wp-block-column is-layout-flow wp-block-column-is-layout-flow\">\n<figure class=\"wp-block-image size-full\"><img decoding=\"async\" width=\"2560\" height=\"1707\" src=\"https:\/\/iberostages.com\/wp-content\/uploads\/2024\/11\/pexels-olly-789822-scaled.jpg\" alt=\"\" class=\"wp-image-1064\" style=\"aspect-ratio:4\/3;object-fit:cover\" srcset=\"https:\/\/iberostages.com\/wp-content\/uploads\/2024\/11\/pexels-olly-789822-scaled.jpg 2560w, https:\/\/iberostages.com\/wp-content\/uploads\/2024\/11\/pexels-olly-789822-300x200.jpg 300w, https:\/\/iberostages.com\/wp-content\/uploads\/2024\/11\/pexels-olly-789822-1024x683.jpg 1024w, https:\/\/iberostages.com\/wp-content\/uploads\/2024\/11\/pexels-olly-789822-768x512.jpg 768w, https:\/\/iberostages.com\/wp-content\/uploads\/2024\/11\/pexels-olly-789822-1536x1024.jpg 1536w, https:\/\/iberostages.com\/wp-content\/uploads\/2024\/11\/pexels-olly-789822-2048x1365.jpg 2048w\" sizes=\"(max-width: 2560px) 100vw, 2560px\" \/><\/figure>\n<\/div>\n\n\n\n<div class=\"wp-block-column is-vertically-aligned-center has-text-color has-link-color wp-elements-7e710c0f6453ce92c9f6d9a24f114a06 is-layout-flow wp-block-column-is-layout-flow\" style=\"color:#263763\">\n<h2 class=\"wp-block-heading has-text-color\" style=\"color:#263763;margin-top:12px;font-size:clamp(21.027px, 1.314rem + ((1vw - 3.2px) * 1.474), 34px);font-style:normal;font-weight:400\">Boostez votre CV<\/h2>\n\n\n\n<p class=\"has-text-color\" style=\"color:#263763;margin-top:40px;font-size:clamp(14px, 0.875rem + ((1vw - 3.2px) * 0.341), 17px);\">IBERO Stages propose une vari\u00e9t\u00e9 de secteurs pour des stages en entreprise dans le cadre de la formation professionnelle en Espagne. Nous sommes convaincus que l&rsquo;exp\u00e9rience pratique est essentielle au d\u00e9veloppement des comp\u00e9tences professionnelles. C&rsquo;est pourquoi nous offrons aux \u00e9tablissements d&rsquo;enseignement des stages enrichissants qui permettent \u00e0 leurs \u00e9tudiants d&rsquo;acqu\u00e9rir de l&rsquo;exp\u00e9rience.<\/p>\n<\/div>\n<\/div>\n<\/div>\n\n\n\n<div class=\"wp-block-group alignfull has-text-color has-link-color wp-elements-77590b71f0d461458bda89ff82279f4a has-global-padding is-layout-constrained wp-container-core-group-is-layout-2 wp-block-group-is-layout-constrained\" style=\"color:#263763;margin-top:0;margin-bottom:0;padding-top:100px;padding-right:21px;padding-bottom:80px;padding-left:21px\">\n<h2 class=\"wp-block-heading has-text-color\" style=\"color:#263763;font-size:clamp(27.894px, 1.743rem + ((1vw - 3.2px) * 2.285), 48px);\">Secteurs<\/h2>\n\n\n\n<div class=\"wp-block-columns is-layout-flex wp-container-core-columns-is-layout-2 wp-block-columns-is-layout-flex\" style=\"margin-top:40px\">\n<div class=\"wp-block-column is-layout-flow wp-container-core-column-is-layout-3 wp-block-column-is-layout-flow\">\n<figure class=\"wp-block-image size-full\"><img decoding=\"async\" width=\"2560\" height=\"1707\" src=\"https:\/\/iberostages.com\/wp-content\/uploads\/2024\/11\/pexels-soundarapandian-ms-150090807-15755748-scaled.jpg\" alt=\"\" class=\"wp-image-1066\" style=\"aspect-ratio:3\/2;object-fit:cover\" srcset=\"https:\/\/iberostages.com\/wp-content\/uploads\/2024\/11\/pexels-soundarapandian-ms-150090807-15755748-scaled.jpg 2560w, https:\/\/iberostages.com\/wp-content\/uploads\/2024\/11\/pexels-soundarapandian-ms-150090807-15755748-300x200.jpg 300w, https:\/\/iberostages.com\/wp-content\/uploads\/2024\/11\/pexels-soundarapandian-ms-150090807-15755748-1024x683.jpg 1024w, https:\/\/iberostages.com\/wp-content\/uploads\/2024\/11\/pexels-soundarapandian-ms-150090807-15755748-768x512.jpg 768w, https:\/\/iberostages.com\/wp-content\/uploads\/2024\/11\/pexels-soundarapandian-ms-150090807-15755748-1536x1024.jpg 1536w, https:\/\/iberostages.com\/wp-content\/uploads\/2024\/11\/pexels-soundarapandian-ms-150090807-15755748-2048x1365.jpg 2048w\" sizes=\"(max-width: 2560px) 100vw, 2560px\" \/><\/figure>\n\n\n\n<div style=\"height:20px\" aria-hidden=\"true\" class=\"wp-block-spacer\"><\/div>\n\n\n\n<h4 class=\"wp-block-heading has-text-color\" style=\"color:#263763;font-size:clamp(14px, 0.875rem + ((1vw - 3.2px) * 0.682), 20px);font-style:normal;font-weight:400\">Agriculture<\/h4>\n\n\n\n<div style=\"height:25px\" aria-hidden=\"true\" class=\"wp-block-spacer\"><\/div>\n\n\n\n<p class=\"has-text-color\" style=\"color:#263763;font-size:clamp(14px, 0.875rem + ((1vw - 3.2px) * 0.341), 17px);\">Plongez dans l&rsquo;agriculture pour acqu\u00e9rir une exp\u00e9rience pratique en production, gestion durable et techniques innovantes.<\/p>\n<\/div>\n\n\n\n<div class=\"wp-block-column is-layout-flow wp-container-core-column-is-layout-4 wp-block-column-is-layout-flow\">\n<figure class=\"wp-block-image size-full\"><img loading=\"lazy\" decoding=\"async\" width=\"2560\" height=\"1440\" src=\"https:\/\/iberostages.com\/wp-content\/uploads\/2024\/11\/pexels-artempodrez-5716032-scaled.jpg\" alt=\"\" class=\"wp-image-1284\" style=\"aspect-ratio:3\/2;object-fit:cover\" srcset=\"https:\/\/iberostages.com\/wp-content\/uploads\/2024\/11\/pexels-artempodrez-5716032-scaled.jpg 2560w, https:\/\/iberostages.com\/wp-content\/uploads\/2024\/11\/pexels-artempodrez-5716032-300x169.jpg 300w, https:\/\/iberostages.com\/wp-content\/uploads\/2024\/11\/pexels-artempodrez-5716032-1024x576.jpg 1024w, https:\/\/iberostages.com\/wp-content\/uploads\/2024\/11\/pexels-artempodrez-5716032-768x432.jpg 768w, https:\/\/iberostages.com\/wp-content\/uploads\/2024\/11\/pexels-artempodrez-5716032-1536x864.jpg 1536w, https:\/\/iberostages.com\/wp-content\/uploads\/2024\/11\/pexels-artempodrez-5716032-2048x1152.jpg 2048w\" sizes=\"(max-width: 2560px) 100vw, 2560px\" \/><\/figure>\n\n\n\n<div style=\"height:20px\" aria-hidden=\"true\" class=\"wp-block-spacer\"><\/div>\n\n\n\n<h4 class=\"wp-block-heading has-text-color\" style=\"color:#263763;font-size:clamp(14px, 0.875rem + ((1vw - 3.2px) * 0.682), 20px);font-style:normal;font-weight:400\">Communication et Marketing<\/h4>\n\n\n\n<div style=\"height:25px\" aria-hidden=\"true\" class=\"wp-block-spacer\"><\/div>\n\n\n\n<p class=\"has-text-color\" style=\"color:#263763;font-size:clamp(14px, 0.875rem + ((1vw - 3.2px) * 0.341), 17px);\">Explorez la communication et le marketing pour renforcer vos comp\u00e9tences en strat\u00e9gie de marque et gestion des r\u00e9seaux sociaux.<\/p>\n<\/div>\n\n\n\n<div class=\"wp-block-column is-layout-flow wp-container-core-column-is-layout-5 wp-block-column-is-layout-flow\">\n<figure class=\"wp-block-image size-full\"><img loading=\"lazy\" decoding=\"async\" width=\"2560\" height=\"1707\" src=\"https:\/\/iberostages.com\/wp-content\/uploads\/2024\/11\/pexels-fauxels-3183174-scaled.jpg\" alt=\"\" class=\"wp-image-1068\" style=\"aspect-ratio:3\/2;object-fit:cover\" srcset=\"https:\/\/iberostages.com\/wp-content\/uploads\/2024\/11\/pexels-fauxels-3183174-scaled.jpg 2560w, https:\/\/iberostages.com\/wp-content\/uploads\/2024\/11\/pexels-fauxels-3183174-300x200.jpg 300w, https:\/\/iberostages.com\/wp-content\/uploads\/2024\/11\/pexels-fauxels-3183174-1024x683.jpg 1024w, https:\/\/iberostages.com\/wp-content\/uploads\/2024\/11\/pexels-fauxels-3183174-768x512.jpg 768w, https:\/\/iberostages.com\/wp-content\/uploads\/2024\/11\/pexels-fauxels-3183174-1536x1024.jpg 1536w, https:\/\/iberostages.com\/wp-content\/uploads\/2024\/11\/pexels-fauxels-3183174-2048x1365.jpg 2048w\" sizes=\"(max-width: 2560px) 100vw, 2560px\" \/><\/figure>\n\n\n\n<div style=\"height:20px\" aria-hidden=\"true\" class=\"wp-block-spacer\"><\/div>\n\n\n\n<h4 class=\"wp-block-heading has-text-color\" style=\"color:#263763;font-size:clamp(14px, 0.875rem + ((1vw - 3.2px) * 0.682), 20px);font-style:normal;font-weight:400\">Commerce International et Vente<\/h4>\n\n\n\n<div style=\"height:25px\" aria-hidden=\"true\" class=\"wp-block-spacer\"><\/div>\n\n\n\n<p class=\"has-text-color\" style=\"color:#263763;font-size:clamp(14px, 0.875rem + ((1vw - 3.2px) * 0.341), 17px);\">Explorez le commerce international et la vente pour renforcer vos comp\u00e9tences en n\u00e9gociation et relations clients.<\/p>\n<\/div>\n<\/div>\n\n\n\n<div class=\"wp-block-columns is-layout-flex wp-container-core-columns-is-layout-3 wp-block-columns-is-layout-flex\" style=\"margin-top:60px\">\n<div class=\"wp-block-column is-layout-flow wp-container-core-column-is-layout-6 wp-block-column-is-layout-flow\">\n<figure class=\"wp-block-image size-large\"><img loading=\"lazy\" decoding=\"async\" width=\"1024\" height=\"682\" src=\"https:\/\/iberostages.com\/wp-content\/uploads\/2024\/11\/pexels-pixabay-162553-1024x682.jpg\" alt=\"\" class=\"wp-image-1069\" style=\"aspect-ratio:3\/2;object-fit:cover\" srcset=\"https:\/\/iberostages.com\/wp-content\/uploads\/2024\/11\/pexels-pixabay-162553-1024x682.jpg 1024w, https:\/\/iberostages.com\/wp-content\/uploads\/2024\/11\/pexels-pixabay-162553-300x200.jpg 300w, https:\/\/iberostages.com\/wp-content\/uploads\/2024\/11\/pexels-pixabay-162553-768x512.jpg 768w, https:\/\/iberostages.com\/wp-content\/uploads\/2024\/11\/pexels-pixabay-162553-1536x1024.jpg 1536w, https:\/\/iberostages.com\/wp-content\/uploads\/2024\/11\/pexels-pixabay-162553.jpg 2000w\" sizes=\"(max-width: 1024px) 100vw, 1024px\" \/><\/figure>\n\n\n\n<div style=\"height:20px\" aria-hidden=\"true\" class=\"wp-block-spacer\"><\/div>\n\n\n\n<h4 class=\"wp-block-heading has-text-color\" style=\"color:#263763;font-size:clamp(14px, 0.875rem + ((1vw - 3.2px) * 0.682), 20px);font-style:normal;font-weight:400\">M\u00e9canique<\/h4>\n\n\n\n<div style=\"height:25px\" aria-hidden=\"true\" class=\"wp-block-spacer\"><\/div>\n\n\n\n<p>D\u00e9couvrez la m\u00e9canique pour acqu\u00e9rir des comp\u00e9tences pratiques en conception, maintenance et r\u00e9paration de syst\u00e8mes et \u00e9quipements.<\/p>\n<\/div>\n\n\n\n<div class=\"wp-block-column is-layout-flow wp-container-core-column-is-layout-7 wp-block-column-is-layout-flow\">\n<figure class=\"wp-block-image size-large\"><img loading=\"lazy\" decoding=\"async\" width=\"683\" height=\"1024\" src=\"https:\/\/iberostages.com\/wp-content\/uploads\/2024\/11\/pexels-fauxels-3184423-683x1024.jpg\" alt=\"\" class=\"wp-image-1070\" style=\"aspect-ratio:3\/2;object-fit:cover\" srcset=\"https:\/\/iberostages.com\/wp-content\/uploads\/2024\/11\/pexels-fauxels-3184423-683x1024.jpg 683w, https:\/\/iberostages.com\/wp-content\/uploads\/2024\/11\/pexels-fauxels-3184423-200x300.jpg 200w, https:\/\/iberostages.com\/wp-content\/uploads\/2024\/11\/pexels-fauxels-3184423-768x1151.jpg 768w, https:\/\/iberostages.com\/wp-content\/uploads\/2024\/11\/pexels-fauxels-3184423-1025x1536.jpg 1025w, https:\/\/iberostages.com\/wp-content\/uploads\/2024\/11\/pexels-fauxels-3184423-1367x2048.jpg 1367w, https:\/\/iberostages.com\/wp-content\/uploads\/2024\/11\/pexels-fauxels-3184423-scaled.jpg 1708w\" sizes=\"(max-width: 683px) 100vw, 683px\" \/><\/figure>\n\n\n\n<div style=\"height:20px\" aria-hidden=\"true\" class=\"wp-block-spacer\"><\/div>\n\n\n\n<h4 class=\"wp-block-heading has-text-color\" style=\"color:#263763;font-size:clamp(14px, 0.875rem + ((1vw - 3.2px) * 0.682), 20px);font-style:normal;font-weight:400\">Ressources Humaines<\/h4>\n\n\n\n<div style=\"height:25px\" aria-hidden=\"true\" class=\"wp-block-spacer\"><\/div>\n\n\n\n<p class=\"has-text-color\" style=\"color:#263763;font-size:clamp(14px, 0.875rem + ((1vw - 3.2px) * 0.341), 17px);\">Explorez les ressources humaines pour d\u00e9velopper vos comp\u00e9tences en gestion des talents, recrutement et relations au travail.<\/p>\n<\/div>\n\n\n\n<div class=\"wp-block-column is-layout-flow wp-container-core-column-is-layout-8 wp-block-column-is-layout-flow\">\n<figure class=\"wp-block-image size-full\"><img loading=\"lazy\" decoding=\"async\" width=\"2560\" height=\"1707\" src=\"https:\/\/iberostages.com\/wp-content\/uploads\/2024\/11\/pexels-ekrulila-11906264-scaled.jpg\" alt=\"\" class=\"wp-image-1071\" style=\"aspect-ratio:3\/2;object-fit:cover\" srcset=\"https:\/\/iberostages.com\/wp-content\/uploads\/2024\/11\/pexels-ekrulila-11906264-scaled.jpg 2560w, https:\/\/iberostages.com\/wp-content\/uploads\/2024\/11\/pexels-ekrulila-11906264-300x200.jpg 300w, https:\/\/iberostages.com\/wp-content\/uploads\/2024\/11\/pexels-ekrulila-11906264-1024x683.jpg 1024w, https:\/\/iberostages.com\/wp-content\/uploads\/2024\/11\/pexels-ekrulila-11906264-768x512.jpg 768w, https:\/\/iberostages.com\/wp-content\/uploads\/2024\/11\/pexels-ekrulila-11906264-1536x1024.jpg 1536w, https:\/\/iberostages.com\/wp-content\/uploads\/2024\/11\/pexels-ekrulila-11906264-2048x1365.jpg 2048w\" sizes=\"(max-width: 2560px) 100vw, 2560px\" \/><\/figure>\n\n\n\n<div style=\"height:20px\" aria-hidden=\"true\" class=\"wp-block-spacer\"><\/div>\n\n\n\n<h4 class=\"wp-block-heading has-text-color\" style=\"color:#263763;font-size:clamp(14px, 0.875rem + ((1vw - 3.2px) * 0.682), 20px);font-style:normal;font-weight:400\">Tourisme et H\u00f4tellerie<\/h4>\n\n\n\n<div style=\"height:25px\" aria-hidden=\"true\" class=\"wp-block-spacer\"><\/div>\n\n\n\n<p>Plongez dans le secteur du tourisme et de l&rsquo;h\u00f4tellerie pour acqu\u00e9rir des comp\u00e9tences en gestion des services, accueil client et marketing touristique.<\/p>\n<\/div>\n<\/div>\n<\/div>\n\n\n\n<section class=\"wp-block-cover alignfull\" style=\"margin-top:0px;padding-top:1.01rem;padding-bottom:1.01rem;min-height:430px;aspect-ratio:unset;\"><span aria-hidden=\"true\" class=\"wp-block-cover__background has-black-background-color has-background-dim-40 has-background-dim\"><\/span><img loading=\"lazy\" decoding=\"async\" width=\"2560\" height=\"1647\" class=\"wp-block-cover__image-background wp-image-1296\" alt=\"\" src=\"https:\/\/iberostages.com\/wp-content\/uploads\/2024\/11\/pexels-wildlittlethingsphoto-1774927-scaled.jpg\" data-object-fit=\"cover\" srcset=\"https:\/\/iberostages.com\/wp-content\/uploads\/2024\/11\/pexels-wildlittlethingsphoto-1774927-scaled.jpg 2560w, https:\/\/iberostages.com\/wp-content\/uploads\/2024\/11\/pexels-wildlittlethingsphoto-1774927-300x193.jpg 300w, https:\/\/iberostages.com\/wp-content\/uploads\/2024\/11\/pexels-wildlittlethingsphoto-1774927-1024x659.jpg 1024w, https:\/\/iberostages.com\/wp-content\/uploads\/2024\/11\/pexels-wildlittlethingsphoto-1774927-768x494.jpg 768w, https:\/\/iberostages.com\/wp-content\/uploads\/2024\/11\/pexels-wildlittlethingsphoto-1774927-1536x988.jpg 1536w, https:\/\/iberostages.com\/wp-content\/uploads\/2024\/11\/pexels-wildlittlethingsphoto-1774927-2048x1318.jpg 2048w\" sizes=\"(max-width: 2560px) 100vw, 2560px\" \/><div class=\"wp-block-cover__inner-container has-global-padding is-layout-constrained wp-container-core-cover-is-layout-2 wp-block-cover-is-layout-constrained\">\n<div class=\"wp-block-group has-text-color is-layout-flow wp-block-group-is-layout-flow\" style=\"color:#fffffd;margin-top:0px;padding-top:0rem;padding-right:1rem;padding-bottom:0rem;padding-left:1rem;font-size:clamp(0.875rem, 0.875rem + ((1vw - 0.2rem) * 0.464), 1.13rem);font-style:normal;font-weight:400;line-height:1.4\">\n<div class=\"wp-block-group has-global-padding is-layout-constrained wp-container-core-group-is-layout-3 wp-block-group-is-layout-constrained\" style=\"margin-top:0;margin-bottom:0;padding-top:0;padding-right:0;padding-bottom:0;padding-left:0\">\n<p class=\"has-text-align-center has-text-color\" style=\"color:#fffffd;margin-bottom:0rem;font-size:clamp(1.507rem, 1.507rem + ((1vw - 0.2rem) * 1.824), 2.51rem);font-style:normal;font-weight:400;line-height:1.2\">Vous recherchez un secteur sp\u00e9cifique ? Nous disposons d\u2019une vari\u00e9t\u00e9 d\u2019options dans d\u2019autres domaines. N\u2019h\u00e9sitez pas \u00e0 nous contacter pour d\u00e9couvrir l\u2019ensemble de nos opportunit\u00e9s de stage.<\/p>\n<\/div>\n<\/div>\n<\/div><\/section>\n\n\n\n<p><\/p>\n","protected":false},"excerpt":{"rendered":"<p>Boostez votre CV IBERO Stages propose une vari\u00e9t\u00e9 de secteurs pour des stages en entreprise dans le cadre de la formation professionnelle en Espagne. Nous sommes convaincus que l&rsquo;exp\u00e9rience pratique est essentielle au d\u00e9veloppement des comp\u00e9tences professionnelles. C&rsquo;est pourquoi nous offrons aux \u00e9tablissements d&rsquo;enseignement des stages enrichissants qui permettent \u00e0 leurs \u00e9tudiants d&rsquo;acqu\u00e9rir de l&rsquo;exp\u00e9rience. [&hellip;]<\/p>\n","protected":false},"author":2,"featured_media":0,"parent":0,"menu_order":0,"comment_status":"closed","ping_status":"closed","template":"","meta":{"footnotes":""},"class_list":["post-1057","page","type-page","status-publish","hentry"],"_links":{"self":[{"href":"https:\/\/iberostages.com\/index.php\/wp-json\/wp\/v2\/pages\/1057","targetHints":{"allow":["GET"]}}],"collection":[{"href":"https:\/\/iberostages.com\/index.php\/wp-json\/wp\/v2\/pages"}],"about":[{"href":"https:\/\/iberostages.com\/index.php\/wp-json\/wp\/v2\/types\/page"}],"author":[{"embeddable":true,"href":"https:\/\/iberostages.com\/index.php\/wp-json\/wp\/v2\/users\/2"}],"replies":[{"embeddable":true,"href":"https:\/\/iberostages.com\/index.php\/wp-json\/wp\/v2\/comments?post=1057"}],"version-history":[{"count":18,"href":"https:\/\/iberostages.com\/index.php\/wp-json\/wp\/v2\/pages\/1057\/revisions"}],"predecessor-version":[{"id":1351,"href":"https:\/\/iberostages.com\/index.php\/wp-json\/wp\/v2\/pages\/1057\/revisions\/1351"}],"wp:attachment":[{"href":"https:\/\/iberostages.com\/index.php\/wp-json\/wp\/v2\/media?parent=1057"}],"curies":[{"name":"wp","href":"https:\/\/api.w.org\/{rel}","templated":true}]}}